{"id":1261,"date":"2023-03-19T01:18:31","date_gmt":"2023-03-18T22:18:31","guid":{"rendered":"https:\/\/international.cumhuriyet.edu.tr\/?page_id=1261"},"modified":"2025-12-06T04:26:23","modified_gmt":"2025-12-06T01:26:23","slug":"orhun","status":"publish","type":"page","link":"https:\/\/international.cumhuriyet.edu.tr\/en\/exchange-programmes\/orhun\/","title":{"rendered":"Orhun Exchange Programme"},"content":{"rendered":"<p>Orhun De\u011fi\u015fim Program\u0131 T\u00fcrk Kene\u015fi T\u00fcrk \u00dcniversiteler Birli\u011fi \u00fcyeleri aras\u0131nda imzalanacak protokoller kapsam\u0131nda yap\u0131lan \u00f6\u011frenci ve \u00f6\u011fretim \u00fcyesi de\u011fi\u015fim program\u0131d\u0131r.<\/p>\n\n\n\n<div class=\"wp-block-greenshift-blocks-tabs gspb-tabs gspb_tabs-id-gsbp-2f99965 gstabs-tabs\" data-autoplay=\"false\" data-autoplaytime=\"4\"><div class=\"t-btn-container\" role=\"tablist\"><button class=\"t-btn active\" aria-selected=\"true\" role=\"tab\" tabindex=\"0\" id=\"gspb-tab-item-btn-gsbp-2f99965-0\" aria-controls=\"gspb-tab-item-content-gsbp-2f99965-0\"><div class=\"tabtitlelabel\">T\u00fcrk Devletleri Te\u015fkilat\u0131<\/div><\/button><button class=\"t-btn\" aria-selected=\"false\" role=\"tab\" tabindex=\"-1\" id=\"gspb-tab-item-btn-gsbp-2f99965-1\" aria-controls=\"gspb-tab-item-content-gsbp-2f99965-1\"><div class=\"tabtitlelabel\">Ama\u00e7<\/div><\/button><button class=\"t-btn\" aria-selected=\"false\" role=\"tab\" tabindex=\"-1\" id=\"gspb-tab-item-btn-gsbp-2f99965-2\" aria-controls=\"gspb-tab-item-content-gsbp-2f99965-2\"><div class=\"tabtitlelabel\">Member Universities<\/div><\/button><button class=\"t-btn\" aria-selected=\"false\" role=\"tab\" tabindex=\"-1\" id=\"gspb-tab-item-btn-gsbp-2f99965-3\" aria-controls=\"gspb-tab-item-content-gsbp-2f99965-3\"><div class=\"tabtitlelabel\">Announcements<\/div><\/button><button class=\"t-btn\" aria-selected=\"false\" role=\"tab\" tabindex=\"-1\" id=\"gspb-tab-item-btn-gsbp-2f99965-4\" aria-controls=\"gspb-tab-item-content-gsbp-2f99965-4\"><div class=\"tabtitlelabel\">Documents<\/div><\/button><button class=\"t-btn\" aria-selected=\"false\" role=\"tab\" tabindex=\"-1\" id=\"gspb-tab-item-btn-gsbp-2f99965-5\" aria-controls=\"gspb-tab-item-content-gsbp-2f99965-5\"><div class=\"tabtitlelabel\">Partners<\/div><\/button><\/div><div class=\"t-panel-container\"><div class=\"gswipertabs\"><div class=\"swiper-wrapper\">\n<div aria-labelledby=\"gspb-tab-item-btn-gsbp-2f99965-0\" id=\"gspb-tab-item-content-gsbp-2f99965-0\" role=\"tabpanel\" tabindex=\"0\" class=\"t-panel swiper-slide active\"><div class=\"wp-block-greenshift-blocks-tab\">\n<p>T\u00fcrk Devletleri Te\u015fkilat\u0131 (eski ad\u0131yla T\u00fcrk Dili Konu\u015fan \u00dclkeler \u0130\u015fbirli\u011fi Konseyi &#8211; T\u00fcrk Konseyi), T\u00fcrk Devletleri aras\u0131nda kapsaml\u0131 i\u015fbirli\u011fini te\u015fvik etmek amac\u0131 ile uluslararas\u0131 bir \u00f6rg\u00fct olarak 2009 y\u0131l\u0131nda kurulmu\u015ftur. Te\u015fkilat\u0131n kurucu \u00fcyeleri Azerbaycan, Kazakistan, K\u0131rg\u0131zistan ve T\u00fcrkiye`dir. Ekim 2019&#8217;da Bak\u00fc&#8217;de ger\u00e7ekle\u015ftirilen 7. Zirve s\u0131ras\u0131nda \u00d6zbekistan Te\u015fkilata tam \u00fcye olarak kat\u0131lm\u0131\u015ft\u0131r. Macaristan ise Eyl\u00fcl 2018&#8217;de K\u0131rg\u0131zistan&#8217;\u0131n Cholpon-Ata \u015fehrinde d\u00fczenlenen 6. Zirve s\u0131ras\u0131nda, T\u00fcrkmenistan Kas\u0131m 2021&#8217;de \u0130stanbul&#8217;da d\u00fczenlenen 8. Zirvede, Kuzey K\u0131br\u0131s T\u00fcrk Cumhuriyeti Semerkant&#8217;ta d\u00fczenlenen 9. Zirvede ve Ekonomik \u0130\u015fbirli\u011fi Te\u015fkilat\u0131 (E\u0130T) 2023 y\u0131l\u0131nda Astana&#8217;da d\u00fczenlenen 10. Zirve s\u0131ras\u0131nda Te\u015fkilat nezdinde g\u00f6zlemci stat\u00fcs\u00fc kazanm\u0131\u015ft\u0131r.<\/p>\n<\/div><\/div>\n\n\n\n<div aria-labelledby=\"gspb-tab-item-btn-gsbp-2f99965-1\" id=\"gspb-tab-item-content-gsbp-2f99965-1\" role=\"tabpanel\" tabindex=\"0\" class=\"t-panel swiper-slide\"><div class=\"wp-block-greenshift-blocks-tab\">\n<ul class=\"wp-block-list\">\n<li>Ortak tarih, k\u00fclt\u00fcr, dil miras\u0131ndan yola \u00e7\u0131karak y\u00fcksek \u00f6\u011fretim kurumlar\u0131 aras\u0131nda i\u015fbirli\u011fi sa\u011flanmas\u0131,\u00e7a\u011fda\u015f, bilimsel d\u00fczeye uygun e\u011fitim standartlar\u0131n\u0131n uygulanmas\u0131 s\u00fcretiyle ortak kimlik bilinci y\u00fcksek nesiller yeti\u015ftirilmesi,<\/li>\n\n\n\n<li>\u00dcye \u00fcniversitelerdeki programlar\u0131n uyumlu hale getirilmesi,<\/li>\n\n\n\n<li>Ortak kredi transfer sisteminin uygulanmas\u0131,<\/li>\n\n\n\n<li>\u00d6\u011fretim eleman\u0131 yeti\u015ftirme programlar\u0131n\u0131n te\u015fvik edilmesi,<\/li>\n\n\n\n<li>\u00d6\u011frenci ve \u00f6\u011fretim eleman\u0131 de\u011fi\u015fim programlar\u0131n\u0131n uygulamaya konulmas\u0131,<\/li>\n\n\n\n<li>\u00dcye \u00fcniversitelerin birbirlerinin diploma denkli\u011fini tan\u0131malar\u0131na y\u00f6nelik uygun zeminin olu\u015fturulmas\u0131,<\/li>\n\n\n\n<li>\u00dcniversitelerin belli alanlarda sahip olduklar\u0131 \u00f6ne \u00e7\u0131kan \u00fcst\u00fcnl\u00fcklerden yararlan\u0131lmas\u0131,<\/li>\n\n\n\n<li>Uygulamaya y\u00f6nelik ortak \u00f6\u011fretim, ara\u015ft\u0131rma programlar\u0131n\u0131n ve projelerin y\u00fcr\u00fct\u00fclmesi,<\/li>\n\n\n\n<li>\u00dcye \u00fcniversiteler aras\u0131nda sempozyumlar, akademik faaliyetler, k\u00fclt\u00fcr, bilim ve spor alanlar\u0131nda yar\u0131\u015fmalar d\u00fczenlenmesi,<\/li>\n\n\n\n<li>T\u00fcrk d\u00fcnyas\u0131na y\u00f6nelik \u00e7al\u0131\u015fmalar y\u00fcr\u00fcten \u00f6\u011frencilere \u00f6zel burs sa\u011flanmas\u0131,<\/li>\n\n\n\n<li>Ortak tarih, medeniyet ve edebiyat\u0131m\u0131za y\u00f6nelik derslerin t\u00fcm \u00fcye \u00fclke \u00fcniversitelerinde verilmesi y\u00f6n\u00fcnde \u00e7al\u0131\u015fmalar yapmakt\u0131r.<\/li>\n<\/ul>\n<\/div><\/div>\n\n\n\n<div aria-labelledby=\"gspb-tab-item-btn-gsbp-2f99965-2\" id=\"gspb-tab-item-content-gsbp-2f99965-2\" role=\"tabpanel\" tabindex=\"0\" class=\"t-panel swiper-slide\"><div class=\"wp-block-greenshift-blocks-tab\">\n<div id=\"footable_parent_1269\"\n         class=\"footable_parent ninja_table_wrapper loading_ninja_table wp_table_data_press_parent semantic_ui\">\n                <table data-ninja_table_instance=\"ninja_table_instance_0\" data-footable_id=\"1269\" data-filter-delay=\"1000\" aria-label=\"Orhun U\u0308ye Kurumlar\"            id=\"footable_1269\"\n           data-unique_identifier=\"ninja_table_unique_id_3431787791_1269\"\n           class=\"foo-table ninja_footable foo_table_1269 ninja_table_unique_id_3431787791_1269 ui table  nt_type_ajax_table vertical_centered  footable-paging-right\">\n                <colgroup>\n                            <col class=\"ninja_column_0\">\n                            <col class=\"ninja_column_1\">\n                            <col class=\"ninja_column_2\">\n                            <col class=\"ninja_column_3\">\n                    <\/colgroup>\n            <\/table>\n    \n    \n    \n<\/div>\n\n<\/div><\/div>\n\n\n\n<div aria-labelledby=\"gspb-tab-item-btn-gsbp-2f99965-3\" id=\"gspb-tab-item-content-gsbp-2f99965-3\" role=\"tabpanel\" tabindex=\"0\" class=\"t-panel swiper-slide\"><div class=\"wp-block-greenshift-blocks-tab\"><\/div><\/div>\n\n\n\n<div aria-labelledby=\"gspb-tab-item-btn-gsbp-2f99965-4\" id=\"gspb-tab-item-content-gsbp-2f99965-4\" role=\"tabpanel\" tabindex=\"0\" class=\"t-panel swiper-slide\"><div class=\"wp-block-greenshift-blocks-tab\">\n<div class=\"gspb_button_wrapper gspb_button-id-gsbp-f4bcd7a\" id=\"gspb_button-id-gsbp-f4bcd7a\"><a class=\"wp-block-greenshift-blocks-buttonbox gspb-buttonbox wp-element-button\" href=\"#\" rel=\"noopener\"><span class=\"gspb-buttonbox-textwrap\"><span class=\"gspb-buttonbox-text\"><span class=\"gspb-buttonbox-title\">Documents<\/span><\/span><span class=\"gspb-buttonbox-icon\"><svg class=\"\" style=\"display:inline-block;vertical-align:middle\" width=\"15\" height=\"15\" viewbox=\"0 0 896 1024\" xmlns=\"http:\/\/www.w3.org\/2000\/svg\"><path style=\"fill:#565D66\" d=\"M436.202 76.202l-39.598 39.598c-9.372 9.372-9.372 24.568 0 33.942l310.26 310.258h-682.864c-13.254 0-24 10.746-24 24v56c0 13.254 10.746 24 24 24h682.864l-310.26 310.26c-9.372 9.372-9.372 24.568 0 33.942l39.598 39.598c9.372 9.372 24.568 9.372 33.942 0l418.828-418.828c9.372-9.372 9.372-24.568 0-33.942l-418.83-418.828c-9.372-9.374-24.568-9.374-33.94 0z\"><\/path><\/svg><\/span><\/span><\/a><\/div>\n<\/div><\/div>\n\n\n\n<div aria-labelledby=\"gspb-tab-item-btn-gsbp-2f99965-5\" id=\"gspb-tab-item-content-gsbp-2f99965-5\" role=\"tabpanel\" tabindex=\"0\" class=\"t-panel swiper-slide\"><div class=\"wp-block-greenshift-blocks-tab\">\n<div class=\"gspb_button_wrapper gspb_button-id-gsbp-70c922b\" id=\"gspb_button-id-gsbp-70c922b\"><a class=\"wp-block-greenshift-blocks-buttonbox gspb-buttonbox wp-element-button\" href=\"\/en\/partners\/\" rel=\"noopener\"><span class=\"gspb-buttonbox-textwrap\"><span class=\"gspb-buttonbox-text\"><span class=\"gspb-buttonbox-title\">Partners<\/span><\/span><span class=\"gspb-buttonbox-icon\"><svg class=\"\" style=\"display:inline-block;vertical-align:middle\" width=\"15\" height=\"15\" viewbox=\"0 0 896 1024\" xmlns=\"http:\/\/www.w3.org\/2000\/svg\"><path style=\"fill:#565D66\" d=\"M436.202 76.202l-39.598 39.598c-9.372 9.372-9.372 24.568 0 33.942l310.26 310.258h-682.864c-13.254 0-24 10.746-24 24v56c0 13.254 10.746 24 24 24h682.864l-310.26 310.26c-9.372 9.372-9.372 24.568 0 33.942l39.598 39.598c9.372 9.372 24.568 9.372 33.942 0l418.828-418.828c9.372-9.372 9.372-24.568 0-33.942l-418.83-418.828c-9.372-9.374-24.568-9.374-33.94 0z\"><\/path><\/svg><\/span><\/span><\/a><\/div>\n<\/div><\/div>\n<\/div><\/div><\/div><\/div>\n\n\n\n<div class=\"gspb_button_wrapper gspb_button-id-gsbp-e93c9c7\" id=\"gspb_button-id-gsbp-e93c9c7\"><a class=\"wp-block-greenshift-blocks-buttonbox gspb-buttonbox wp-element-button\" href=\"http:\/\/turkunib.org\/tr\" target=\"_blank\" rel=\"noopener\"><span class=\"gspb-buttonbox-textwrap\"><span class=\"gspb-buttonbox-text\"><span class=\"gspb-buttonbox-title\">T\u00fcrk \u00dcniversiteler Birli\u011fi (T\u00dcRK\u00dcN\u0130B)<\/span><\/span><span class=\"gspb-buttonbox-icon\"><svg class=\"\" style=\"display:inline-block;vertical-align:middle\" width=\"15\" height=\"15\" viewbox=\"0 0 896 1024\" xmlns=\"http:\/\/www.w3.org\/2000\/svg\"><path style=\"fill:#565D66\" d=\"M436.202 76.202l-39.598 39.598c-9.372 9.372-9.372 24.568 0 33.942l310.26 310.258h-682.864c-13.254 0-24 10.746-24 24v56c0 13.254 10.746 24 24 24h682.864l-310.26 310.26c-9.372 9.372-9.372 24.568 0 33.942l39.598 39.598c9.372 9.372 24.568 9.372 33.942 0l418.828-418.828c9.372-9.372 9.372-24.568 0-33.942l-418.83-418.828c-9.372-9.374-24.568-9.374-33.94 0z\"><\/path><\/svg><\/span><\/span><\/a><\/div>","protected":false},"excerpt":{"rendered":"<p>Orhun De\u011fi\u015fim Program\u0131 T\u00fcrk Kene\u015fi T\u00fcrk \u00dcniversiteler Birli\u011fi \u00fcyeleri aras\u0131nda imzalanacak protokoller kapsam\u0131nda yap\u0131lan \u00f6\u011frenci ve \u00f6\u011fretim \u00fcyesi de\u011fi\u015fim program\u0131d\u0131r.<\/p>","protected":false},"author":1,"featured_media":0,"parent":345,"menu_order":0,"comment_status":"closed","ping_status":"closed","template":"","meta":{"_gspb_post_css":".gspb-tabs *{box-sizing: border-box !important}.t-btn-container{display:flex;flex-direction:row;width:100%;align-items:center;margin-bottom:-1px;flex-wrap:wrap}.t-btn-container .t-btn{background-origin: border-box;list-style:none;display:inline-flex;align-items:center;margin:0;padding:11px 24px;cursor:pointer;position:relative;transition:all .4s ease-in-out; font-size:20px}.t-btn-container .t-btn .tabsubtitle{font-size:70%;opacity:.7}.gstabs-tabs .t-btn{border:1px solid transparent;border-top-width:2px}.gstabs-tabs .t-btn:focus{outline:none;}.gstabs-tabs .t-btn.active{border-color:rgba(206,206,206,.4);border-bottom-color:#fff;background-color:#fff;color:#333}.t-panel-container .t-panel{opacity:0;overflow:hidden;display:none}.t-panel-container .t-panel.active{opacity:1;display:block!important}.t-panel-container{margin-bottom:25px;overflow:hidden; padding:30px}.gstabs-tabs .t-panel-container{border:1px solid rgba(206,206,206,.4);background-color:#fff}.t-btn-container ul{margin:0!important;padding:0!important}.gstabs-underline .t-btn-container .t-btn:after{position:absolute;bottom:0;left:0;content:'';height:3px;width:0;transition:width .5s,left .5s,right .5s;}.gstabs-underline .t-btn-container .t-btn.active:after{width:100%;left:0;right:0}.gstabs-pills .t-btn-container .t-btn{margin:0 10px;border:1px solid transparent}.gstabs-vertical{display:flex}.gstabs-vertical .t-btn-container{display:block;width:150px}.gstabs-vertical .t-btn-container .t-btn{margin-bottom:10px;width:150px; border:1px solid transparent}.gstabs-vertical .t-panel-container{flex-grow:1}.t-btn-container .t-btn .gs-image{flex-grow:inherit;}.t-btn-container .t-btn img{margin:0;height:25px;min-width:auto}@keyframes gcwidthleftright{0%{width:0%}100%{width:100%}}@keyframes gcslidefromtop{0%{transform:translateY(-10px);opacity:0}100%{transform:translateY(0);opacity:1}}@media (max-width: 575.98px){body .tabscroll .t-btn-container{overflow-x:scroll;flex-wrap:nowrap;scroll-behavior:smooth;scroll-snap-type:x mandatory;width: 100% !important;white-space: nowrap;display:block; padding-bottom:15px}.tabscroll .t-btn-container .t-btn{scroll-snap-align:start;white-space: nowrap;width: auto !important;margin-right: 10px;}.tabscroll .t-btn-container .t-btn.active{box-shadow:none!important}.gstabs-vertical{display:block !important}.gstabs-vertical .t-panel-container{margin-top:25px}.t-btn-container .t-btn{font-size:15px}}.gswipertabs{overflow:hidden}.t-panel-container .t-panel{width:100%}.t-panel-container p:last-of-type{margin-bottom:0}.gspb_tabs-id-gsbp-2f99965 .t-btn-container{justify-content: left}.gspb_tabs-id-gsbp-2f99965 > .t-btn-container > .t-btn{background-color: #f5f5f5}.gspb_tabs-id-gsbp-2f99965 > .t-btn-container > .t-btn.active{background-color: #e5e5e5}@media(min-width:768px){.gspb_tabs-id-gsbp-2f99965 .t-btn-container .t-btn{justify-content:center; flex-grow:1}}.tabtitlelabel{flex-grow:1}.gspb_tabs-id-gsbp-2f99965 .t-btn-container .t-btn{gap:10px}#gspb_button-id-gsbp-f4bcd7a{display:flex; justify-content:flex-start;}#gspb_button-id-gsbp-f4bcd7a .gspb-buttonbox-text{display:flex; flex-direction: column;}#gspb_button-id-gsbp-f4bcd7a > .gspb-buttonbox{box-sizing:border-box}#gspb_button-id-gsbp-f4bcd7a > .gspb-buttonbox > .gspb-buttonbox-textwrap > .gspb-buttonbox-icon{display:flex;}#gspb_button-id-gsbp-f4bcd7a > .gspb-buttonbox .gspb-buttonbox-icon svg, #gspb_button-id-gsbp-f4bcd7a > .gspb-buttonbox .gspb-buttonbox-icon svg path{fill:var(--wp--preset--color--palette-color-8, var(--theme-palette-color-8, #ffffff)) !important;}#gspb_button-id-gsbp-f4bcd7a > .gspb-buttonbox .gspb-buttonbox-icon svg{margin:0px !important;}#gspb_button-id-gsbp-f4bcd7a > .gspb-buttonbox:hover .gspb-buttonbox-icon svg, #gspb_button-id-gsbp-f4bcd7a > .gspb-buttonbox:hover .gspb-buttonbox-icon svg path{fill:var(--wp--preset--color--palette-color-8, var(--theme-palette-color-8, #ffffff)) !important;}#gspb_button-id-gsbp-f4bcd7a > .gspb-buttonbox > .gspb-buttonbox-textwrap{display:flex;flex-direction:row;align-items:center;}#gspb_button-id-gsbp-f4bcd7a .gspb-buttonbox-icon{margin-left:13px}#gspb_button-id-gsbp-f4bcd7a > .gspb-buttonbox{border-top-left-radius:5px;border-top-right-radius:5px;border-bottom-right-radius:5px;border-bottom-left-radius:5px;}#gspb_button-id-gsbp-f4bcd7a > .gspb-buttonbox > .gspb_backgroundOverlay{border-top-left-radius:5px;border-top-right-radius:5px;border-bottom-right-radius:5px;border-bottom-left-radius:5px;}#gspb_button-id-gsbp-e93c9c7{display:flex; justify-content:flex-start;}#gspb_button-id-gsbp-e93c9c7 .gspb-buttonbox-text{display:flex; flex-direction: column;}#gspb_button-id-gsbp-e93c9c7 > .gspb-buttonbox{box-sizing:border-box}#gspb_button-id-gsbp-e93c9c7 > .gspb-buttonbox > .gspb-buttonbox-textwrap > .gspb-buttonbox-icon{display:flex;}#gspb_button-id-gsbp-e93c9c7 > .gspb-buttonbox .gspb-buttonbox-icon svg, #gspb_button-id-gsbp-e93c9c7 > .gspb-buttonbox .gspb-buttonbox-icon svg path{fill:var(--wp--preset--color--palette-color-8, var(--theme-palette-color-8, #ffffff)) !important;}#gspb_button-id-gsbp-e93c9c7 > .gspb-buttonbox .gspb-buttonbox-icon svg{margin:0px !important;}#gspb_button-id-gsbp-e93c9c7 > .gspb-buttonbox:hover .gspb-buttonbox-icon svg, #gspb_button-id-gsbp-e93c9c7 > .gspb-buttonbox:hover .gspb-buttonbox-icon svg path{fill:var(--wp--preset--color--palette-color-8, var(--theme-palette-color-8, #ffffff)) !important;}#gspb_button-id-gsbp-e93c9c7 > .gspb-buttonbox > .gspb-buttonbox-textwrap{display:flex;flex-direction:row;align-items:center;}#gspb_button-id-gsbp-e93c9c7 .gspb-buttonbox-icon{margin-left:13px}#gspb_button-id-gsbp-e93c9c7 > .gspb-buttonbox{border-top-left-radius:5px;border-top-right-radius:5px;border-bottom-right-radius:5px;border-bottom-left-radius:5px;}#gspb_button-id-gsbp-e93c9c7 > .gspb-buttonbox > .gspb_backgroundOverlay{border-top-left-radius:5px;border-top-right-radius:5px;border-bottom-right-radius:5px;border-bottom-left-radius:5px;}#gspb_button-id-gsbp-70c922b{display:flex; justify-content:flex-start;}#gspb_button-id-gsbp-70c922b .gspb-buttonbox-text{display:flex; flex-direction: column;}#gspb_button-id-gsbp-70c922b > .gspb-buttonbox{box-sizing:border-box}#gspb_button-id-gsbp-70c922b > .gspb-buttonbox > .gspb-buttonbox-textwrap > .gspb-buttonbox-icon{display:flex;}#gspb_button-id-gsbp-70c922b > .gspb-buttonbox .gspb-buttonbox-icon svg, #gspb_button-id-gsbp-70c922b > .gspb-buttonbox .gspb-buttonbox-icon svg path{fill:var(--wp--preset--color--palette-color-8, var(--theme-palette-color-8, #ffffff)) !important;}#gspb_button-id-gsbp-70c922b > .gspb-buttonbox .gspb-buttonbox-icon svg{margin:0px !important;}#gspb_button-id-gsbp-70c922b > .gspb-buttonbox:hover .gspb-buttonbox-icon svg, #gspb_button-id-gsbp-70c922b > .gspb-buttonbox:hover .gspb-buttonbox-icon svg path{fill:var(--wp--preset--color--palette-color-8, var(--theme-palette-color-8, #ffffff)) !important;}#gspb_button-id-gsbp-70c922b > .gspb-buttonbox > .gspb-buttonbox-textwrap{display:flex;flex-direction:row;align-items:center;}#gspb_button-id-gsbp-70c922b .gspb-buttonbox-icon{margin-left:13px}#gspb_button-id-gsbp-70c922b > .gspb-buttonbox{border-top-left-radius:5px;border-top-right-radius:5px;border-bottom-right-radius:5px;border-bottom-left-radius:5px;}#gspb_button-id-gsbp-70c922b > .gspb-buttonbox > .gspb_backgroundOverlay{border-top-left-radius:5px;border-top-right-radius:5px;border-bottom-right-radius:5px;border-bottom-left-radius:5px;}","footnotes":""},"class_list":["post-1261","page","type-page","status-publish","hentry"],"blocksy_meta":[],"_links":{"self":[{"href":"https:\/\/international.cumhuriyet.edu.tr\/en\/wp-json\/wp\/v2\/pages\/1261","targetHints":{"allow":["GET"]}}],"collection":[{"href":"https:\/\/international.cumhuriyet.edu.tr\/en\/wp-json\/wp\/v2\/pages"}],"about":[{"href":"https:\/\/international.cumhuriyet.edu.tr\/en\/wp-json\/wp\/v2\/types\/page"}],"author":[{"embeddable":true,"href":"https:\/\/international.cumhuriyet.edu.tr\/en\/wp-json\/wp\/v2\/users\/1"}],"replies":[{"embeddable":true,"href":"https:\/\/international.cumhuriyet.edu.tr\/en\/wp-json\/wp\/v2\/comments?post=1261"}],"version-history":[{"count":33,"href":"https:\/\/international.cumhuriyet.edu.tr\/en\/wp-json\/wp\/v2\/pages\/1261\/revisions"}],"predecessor-version":[{"id":7681,"href":"https:\/\/international.cumhuriyet.edu.tr\/en\/wp-json\/wp\/v2\/pages\/1261\/revisions\/7681"}],"up":[{"embeddable":true,"href":"https:\/\/international.cumhuriyet.edu.tr\/en\/wp-json\/wp\/v2\/pages\/345"}],"wp:attachment":[{"href":"https:\/\/international.cumhuriyet.edu.tr\/en\/wp-json\/wp\/v2\/media?parent=1261"}],"curies":[{"name":"wp","href":"https:\/\/api.w.org\/{rel}","templated":true}]}}