{"id":1307,"date":"2023-03-19T22:38:31","date_gmt":"2023-03-19T19:38:31","guid":{"rendered":"https:\/\/international.cumhuriyet.edu.tr\/?page_id=1307"},"modified":"2025-12-06T04:00:23","modified_gmt":"2025-12-06T01:00:23","slug":"turing","status":"publish","type":"page","link":"https:\/\/international.cumhuriyet.edu.tr\/en\/exchange-programmes\/turing\/","title":{"rendered":"Turing Scheme"},"content":{"rendered":"<p>Turing Scheme, Birle\u015fik Krall\u0131k h\u00fck\u00fcmetinin d\u00fcnya genelinde e\u011fitim ve \u00f6\u011fretim alan\u0131nda uluslararas\u0131 f\u0131rsatlar i\u00e7in mali destek sa\u011flayan program\u0131d\u0131r. Bu program, <strong>y\u00fcksek\u00f6\u011fretim, mesleki e\u011fitim, yeti\u015fkin e\u011fitimi, orta\u00f6\u011fretim ve okul<\/strong> sekt\u00f6rlerindeki Birle\u015fik Krall\u0131k kurumlar\u0131n\u0131n \u00f6\u011frencilerine ve \u00f6\u011frenicilerine yurtd\u0131\u015f\u0131nda <strong>e\u011fitim alma veya \u00e7al\u0131\u015fma<\/strong> imk\u00e2n\u0131 sunarak onlar\u0131n hayatlar\u0131n\u0131 de\u011fi\u015ftirebilecek deneyimler edinmelerini sa\u011flamaktad\u0131r.<\/p>\n\n\n\n<p>Turing Scheme program\u0131 f\u0131rsatlar\u0131ndan yararlanmak i\u00e7in Anla\u015fmalar sayfas\u0131n\u0131 ziyaret edebilirsiniz.<\/p>\n\n\n\n<div class=\"gspb_button_wrapper gspb_button-id-gsbp-777bede\" id=\"gspb_button-id-gsbp-777bede\"><a class=\"wp-block-greenshift-blocks-buttonbox gspb-buttonbox wp-element-button\" href=\"\/en\/partners\/\" rel=\"noopener\"><span class=\"gspb-buttonbox-textwrap\"><span class=\"gspb-buttonbox-text\"><span class=\"gspb-buttonbox-title\">ANLA\u015eMALAR<\/span><\/span><span class=\"gspb-buttonbox-icon\"><svg class=\"\" style=\"display:inline-block;vertical-align:middle\" width=\"15\" height=\"15\" viewbox=\"0 0 896 1024\" xmlns=\"http:\/\/www.w3.org\/2000\/svg\"><path style=\"fill:#565D66\" d=\"M436.202 76.202l-39.598 39.598c-9.372 9.372-9.372 24.568 0 33.942l310.26 310.258h-682.864c-13.254 0-24 10.746-24 24v56c0 13.254 10.746 24 24 24h682.864l-310.26 310.26c-9.372 9.372-9.372 24.568 0 33.942l39.598 39.598c9.372 9.372 24.568 9.372 33.942 0l418.828-418.828c9.372-9.372 9.372-24.568 0-33.942l-418.83-418.828c-9.372-9.374-24.568-9.374-33.94 0z\"><\/path><\/svg><\/span><\/span><\/a><\/div>\n\n\n\n<p><\/p>","protected":false},"excerpt":{"rendered":"<p>Turing Scheme, Birle\u015fik Krall\u0131k h\u00fck\u00fcmetinin d\u00fcnya genelinde e\u011fitim ve \u00f6\u011fretim alan\u0131nda uluslararas\u0131 f\u0131rsatlar i\u00e7in mali destek sa\u011flayan program\u0131d\u0131r. Bu program, y\u00fcksek\u00f6\u011fretim, mesleki e\u011fitim, yeti\u015fkin e\u011fitimi, orta\u00f6\u011fretim ve okul sekt\u00f6rlerindeki Birle\u015fik Krall\u0131k kurumlar\u0131n\u0131n \u00f6\u011frencilerine ve \u00f6\u011frenicilerine yurtd\u0131\u015f\u0131nda e\u011fitim alma veya \u00e7al\u0131\u015fma imk\u00e2n\u0131 sunarak onlar\u0131n hayatlar\u0131n\u0131 de\u011fi\u015ftirebilecek deneyimler edinmelerini sa\u011flamaktad\u0131r. Turing Scheme program\u0131 f\u0131rsatlar\u0131ndan yararlanmak i\u00e7in Anla\u015fmalar [&hellip;]<\/p>","protected":false},"author":1,"featured_media":0,"parent":345,"menu_order":0,"comment_status":"closed","ping_status":"closed","template":"","meta":{"_gspb_post_css":"#gspb_button-id-gsbp-777bede{display:flex;justify-content:flex-start}#gspb_button-id-gsbp-777bede .gspb-buttonbox-text{display:flex;flex-direction:column}#gspb_button-id-gsbp-777bede>.gspb-buttonbox{box-sizing:border-box}#gspb_button-id-gsbp-777bede>.gspb-buttonbox>.gspb-buttonbox-textwrap>.gspb-buttonbox-icon{display:flex}#gspb_button-id-gsbp-777bede>.gspb-buttonbox .gspb-buttonbox-icon svg,#gspb_button-id-gsbp-777bede>.gspb-buttonbox .gspb-buttonbox-icon svg path,#gspb_button-id-gsbp-777bede>.gspb-buttonbox:hover .gspb-buttonbox-icon svg,#gspb_button-id-gsbp-777bede>.gspb-buttonbox:hover .gspb-buttonbox-icon svg path{fill:var(--wp--preset--color--palette-color-8, var(--theme-palette-color-8, #ffffff))!important}#gspb_button-id-gsbp-777bede>.gspb-buttonbox .gspb-buttonbox-icon svg{margin:0!important}#gspb_button-id-gsbp-777bede>.gspb-buttonbox>.gspb-buttonbox-textwrap{display:flex;flex-direction:row;align-items:center}#gspb_button-id-gsbp-777bede .gspb-buttonbox-icon{margin-left:13px}#gspb_button-id-gsbp-777bede>.gspb-buttonbox,#gspb_button-id-gsbp-777bede>.gspb-buttonbox>.gspb_backgroundOverlay{border-top-left-radius:5px;border-top-right-radius:5px;border-bottom-right-radius:5px;border-bottom-left-radius:5px}","footnotes":""},"class_list":["post-1307","page","type-page","status-publish","hentry"],"blocksy_meta":[],"_links":{"self":[{"href":"https:\/\/international.cumhuriyet.edu.tr\/en\/wp-json\/wp\/v2\/pages\/1307","targetHints":{"allow":["GET"]}}],"collection":[{"href":"https:\/\/international.cumhuriyet.edu.tr\/en\/wp-json\/wp\/v2\/pages"}],"about":[{"href":"https:\/\/international.cumhuriyet.edu.tr\/en\/wp-json\/wp\/v2\/types\/page"}],"author":[{"embeddable":true,"href":"https:\/\/international.cumhuriyet.edu.tr\/en\/wp-json\/wp\/v2\/users\/1"}],"replies":[{"embeddable":true,"href":"https:\/\/international.cumhuriyet.edu.tr\/en\/wp-json\/wp\/v2\/comments?post=1307"}],"version-history":[{"count":8,"href":"https:\/\/international.cumhuriyet.edu.tr\/en\/wp-json\/wp\/v2\/pages\/1307\/revisions"}],"predecessor-version":[{"id":7677,"href":"https:\/\/international.cumhuriyet.edu.tr\/en\/wp-json\/wp\/v2\/pages\/1307\/revisions\/7677"}],"up":[{"embeddable":true,"href":"https:\/\/international.cumhuriyet.edu.tr\/en\/wp-json\/wp\/v2\/pages\/345"}],"wp:attachment":[{"href":"https:\/\/international.cumhuriyet.edu.tr\/en\/wp-json\/wp\/v2\/media?parent=1307"}],"curies":[{"name":"wp","href":"https:\/\/api.w.org\/{rel}","templated":true}]}}