{"id":1309,"date":"2023-03-19T22:39:21","date_gmt":"2023-03-19T19:39:21","guid":{"rendered":"https:\/\/international.cumhuriyet.edu.tr\/?page_id=1309"},"modified":"2025-12-06T04:02:18","modified_gmt":"2025-12-06T01:02:18","slug":"mevlana","status":"publish","type":"page","link":"https:\/\/international.cumhuriyet.edu.tr\/en\/exchange-programmes\/mevlana\/","title":{"rendered":"Mevlana Exchange Programme"},"content":{"rendered":"<p>Mevlana De\u011fi\u015fim Program\u0131, yurti\u00e7inde e\u011fitim veren y\u00fcksek\u00f6\u011fretim kurumlar\u0131 ile yurtd\u0131\u015f\u0131nda e\u011fitim veren y\u00fcksek\u00f6\u011fretim kurumlar\u0131 aras\u0131nda \u00f6\u011frenci ve \u00f6\u011fretim eleman\u0131 de\u011fi\u015fimini m\u00fcmk\u00fcn k\u0131lan bir programd\u0131r. 23 A\u011fustos 2011 tarih ve 28034 say\u0131l\u0131 Resmi Gazete\u2019de yay\u0131mlanan Y\u00f6netmelik ile birlikte yurt d\u0131\u015f\u0131ndaki y\u00fcksek\u00f6\u011fretim kurumlar\u0131 ile \u00fclkemizdeki y\u00fcksek\u00f6\u011fretim kurumlar\u0131 aras\u0131nda \u00f6\u011frenci ve \u00f6\u011fretim eleman\u0131 de\u011fi\u015fiminin \u00f6n\u00fc a\u00e7\u0131lm\u0131\u015ft\u0131r.<\/p>\n\n\n\n<p>Di\u011fer de\u011fi\u015fim programlar\u0131ndan farkl\u0131 olarak, hi\u00e7bir co\u011frafi b\u00f6lge ayr\u0131m\u0131 olmaks\u0131z\u0131n de\u011fi\u015fim program\u0131 b\u00fcnyesindeki hareketlilik b\u00fct\u00fcn d\u00fcnyadaki y\u00fcksek\u00f6\u011fretim kurumlar\u0131n\u0131 kapsamaktad\u0131r.<\/p>\n\n\n\n<p>De\u011fi\u015fim program\u0131na kat\u0131lmak isteyen \u00f6\u011frenciler en az bir en fazla iki yar\u0131y\u0131l e\u011fitim i\u00e7in; \u00f6\u011fretim elemanlar\u0131 ise en az 1 hafta en fazla 3 ay s\u00fcreyle d\u00fcnyadaki y\u00fcksek\u00f6\u011fretim kurumlar\u0131nda ders vermek \u00fczere programdan faydalanabilirler. Benzer \u015fekilde d\u00fcnyan\u0131n b\u00fct\u00fcn b\u00f6lgelerinden de \u00f6\u011frenci ve \u00f6\u011fretim elemanlar\u0131 T\u00fcrkiye\u2019deki y\u00fcksek\u00f6\u011fretim kurumlar\u0131na gelebilirler.<\/p>\n\n\n\n<p>Mevlana de\u011fi\u015fim program\u0131 f\u0131rsatlar\u0131ndan yararlanmak i\u00e7in \u00dcniversitemiz Mevlana Koordinat\u00f6rl\u00fc\u011f\u00fc internet sitesini ziyaret edebilirsiniz.<\/p>\n\n\n\n<div class=\"gspb_button_wrapper gspb_button-id-gsbp-777bede\" id=\"gspb_button-id-gsbp-777bede\"><a class=\"wp-block-greenshift-blocks-buttonbox gspb-buttonbox wp-element-button\" href=\"https:\/\/international.cumhuriyet.edu.tr\/en\/coordination-offices\/mevlana\/\" rel=\"noopener\"><span class=\"gspb-buttonbox-textwrap\"><span class=\"gspb-buttonbox-text\"><span class=\"gspb-buttonbox-title\">Mevlana Institutional Coordinator<\/span><\/span><span class=\"gspb-buttonbox-icon\"><svg class=\"\" style=\"display:inline-block;vertical-align:middle\" width=\"15\" height=\"15\" viewbox=\"0 0 896 1024\" xmlns=\"http:\/\/www.w3.org\/2000\/svg\"><path style=\"fill:#565D66\" d=\"M436.202 76.202l-39.598 39.598c-9.372 9.372-9.372 24.568 0 33.942l310.26 310.258h-682.864c-13.254 0-24 10.746-24 24v56c0 13.254 10.746 24 24 24h682.864l-310.26 310.26c-9.372 9.372-9.372 24.568 0 33.942l39.598 39.598c9.372 9.372 24.568 9.372 33.942 0l418.828-418.828c9.372-9.372 9.372-24.568 0-33.942l-418.83-418.828c-9.372-9.374-24.568-9.374-33.94 0z\"><\/path><\/svg><\/span><\/span><\/a><\/div>\n\n\n\n<p><\/p>","protected":false},"excerpt":{"rendered":"<p>Mevlana De\u011fi\u015fim Program\u0131, yurti\u00e7inde e\u011fitim veren y\u00fcksek\u00f6\u011fretim kurumlar\u0131 ile yurtd\u0131\u015f\u0131nda e\u011fitim veren y\u00fcksek\u00f6\u011fretim kurumlar\u0131 aras\u0131nda \u00f6\u011frenci ve \u00f6\u011fretim eleman\u0131 de\u011fi\u015fimini m\u00fcmk\u00fcn k\u0131lan bir programd\u0131r. 23 A\u011fustos 2011 tarih ve 28034 say\u0131l\u0131 Resmi Gazete\u2019de yay\u0131mlanan Y\u00f6netmelik ile birlikte yurt d\u0131\u015f\u0131ndaki y\u00fcksek\u00f6\u011fretim kurumlar\u0131 ile \u00fclkemizdeki y\u00fcksek\u00f6\u011fretim kurumlar\u0131 aras\u0131nda \u00f6\u011frenci ve \u00f6\u011fretim eleman\u0131 de\u011fi\u015fiminin \u00f6n\u00fc a\u00e7\u0131lm\u0131\u015ft\u0131r. Di\u011fer de\u011fi\u015fim [&hellip;]<\/p>","protected":false},"author":1,"featured_media":0,"parent":345,"menu_order":0,"comment_status":"closed","ping_status":"closed","template":"","meta":{"_gspb_post_css":"#gspb_button-id-gsbp-777bede{display:flex;justify-content:flex-start}#gspb_button-id-gsbp-777bede .gspb-buttonbox-text{display:flex;flex-direction:column}#gspb_button-id-gsbp-777bede>.gspb-buttonbox{box-sizing:border-box}#gspb_button-id-gsbp-777bede>.gspb-buttonbox>.gspb-buttonbox-textwrap>.gspb-buttonbox-icon{display:flex}#gspb_button-id-gsbp-777bede>.gspb-buttonbox .gspb-buttonbox-icon svg,#gspb_button-id-gsbp-777bede>.gspb-buttonbox .gspb-buttonbox-icon svg path,#gspb_button-id-gsbp-777bede>.gspb-buttonbox:hover .gspb-buttonbox-icon svg,#gspb_button-id-gsbp-777bede>.gspb-buttonbox:hover .gspb-buttonbox-icon svg path{fill:var(--wp--preset--color--palette-color-8, var(--theme-palette-color-8, #ffffff))!important}#gspb_button-id-gsbp-777bede>.gspb-buttonbox .gspb-buttonbox-icon svg{margin:0!important}#gspb_button-id-gsbp-777bede>.gspb-buttonbox>.gspb-buttonbox-textwrap{display:flex;flex-direction:row;align-items:center}#gspb_button-id-gsbp-777bede .gspb-buttonbox-icon{margin-left:13px}#gspb_button-id-gsbp-777bede>.gspb-buttonbox,#gspb_button-id-gsbp-777bede>.gspb-buttonbox>.gspb_backgroundOverlay{border-top-left-radius:5px;border-top-right-radius:5px;border-bottom-right-radius:5px;border-bottom-left-radius:5px}","footnotes":""},"class_list":["post-1309","page","type-page","status-publish","hentry"],"blocksy_meta":[],"_links":{"self":[{"href":"https:\/\/international.cumhuriyet.edu.tr\/en\/wp-json\/wp\/v2\/pages\/1309","targetHints":{"allow":["GET"]}}],"collection":[{"href":"https:\/\/international.cumhuriyet.edu.tr\/en\/wp-json\/wp\/v2\/pages"}],"about":[{"href":"https:\/\/international.cumhuriyet.edu.tr\/en\/wp-json\/wp\/v2\/types\/page"}],"author":[{"embeddable":true,"href":"https:\/\/international.cumhuriyet.edu.tr\/en\/wp-json\/wp\/v2\/users\/1"}],"replies":[{"embeddable":true,"href":"https:\/\/international.cumhuriyet.edu.tr\/en\/wp-json\/wp\/v2\/comments?post=1309"}],"version-history":[{"count":6,"href":"https:\/\/international.cumhuriyet.edu.tr\/en\/wp-json\/wp\/v2\/pages\/1309\/revisions"}],"predecessor-version":[{"id":7678,"href":"https:\/\/international.cumhuriyet.edu.tr\/en\/wp-json\/wp\/v2\/pages\/1309\/revisions\/7678"}],"up":[{"embeddable":true,"href":"https:\/\/international.cumhuriyet.edu.tr\/en\/wp-json\/wp\/v2\/pages\/345"}],"wp:attachment":[{"href":"https:\/\/international.cumhuriyet.edu.tr\/en\/wp-json\/wp\/v2\/media?parent=1309"}],"curies":[{"name":"wp","href":"https:\/\/api.w.org\/{rel}","templated":true}]}}