{"id":1311,"date":"2023-03-19T22:39:50","date_gmt":"2023-03-19T19:39:50","guid":{"rendered":"https:\/\/international.cumhuriyet.edu.tr\/?page_id=1311"},"modified":"2025-12-06T04:03:37","modified_gmt":"2025-12-06T01:03:37","slug":"farabi","status":"publish","type":"page","link":"https:\/\/international.cumhuriyet.edu.tr\/en\/exchange-programmes\/farabi\/","title":{"rendered":"Farabi Exchange Programme"},"content":{"rendered":"<p>K\u0131saca \u201cFarabi De\u011fi\u015fim Program\u0131\u201d olarak adland\u0131r\u0131lan Y\u00fcksek\u00f6\u011fretim Kurumlar\u0131 Aras\u0131nda \u00d6\u011frenci ve \u00d6\u011fretim \u00dcyesi De\u011fi\u015fim Program\u0131, \u00fcniversite ve y\u00fcksek teknoloji enstit\u00fcleri b\u00fcnyesinde \u00f6n lisans, lisans, y\u00fcksek lisans ve doktora d\u00fczeyinde e\u011fitim-\u00f6\u011fretim yapan y\u00fcksek\u00f6\u011fretim kurumlar\u0131 aras\u0131nda \u00f6\u011frenci ve \u00f6\u011fretim \u00fcyesi de\u011fi\u015fim program\u0131d\u0131r.<\/p>\n\n\n\n<p>Farabi De\u011fi\u015fim Program\u0131, \u00f6\u011frenci veya \u00f6\u011fretim \u00fcyelerinin bir veya iki yar\u0131y\u0131l s\u00fcresince kendi kurumlar\u0131n\u0131n d\u0131\u015f\u0131nda bir y\u00fcksek\u00f6\u011fretim kurumunda e\u011fitim ve \u00f6\u011fretim faaliyetlerine devam etmelerini ama\u00e7lamaktad\u0131r.<\/p>\n\n\n\n<p>Farabi De\u011fi\u015fim Program\u0131na kat\u0131lan \u00f6\u011frencilere&nbsp;<strong>kar\u015f\u0131l\u0131ks\u0131z burs<\/strong>, \u00f6\u011fretim \u00fcyelerine de&nbsp;<strong>ek ders \u00f6demesi<\/strong>&nbsp;yap\u0131lmaktad\u0131r.<\/p>\n\n\n\n<p>Farabi De\u011fi\u015fim Program\u0131n\u0131n uygulanmas\u0131na ili\u015fkin ilkeler, Y\u00f6netmelik ve Esas ve Usuller taraf\u0131ndan ayr\u0131nt\u0131lar\u0131yla belirlenmi\u015ftir.<\/p>\n\n\n\n<p>Farabi de\u011fi\u015fim program\u0131 f\u0131rsatlar\u0131ndan yararlanmak i\u00e7in \u00dcniversitemiz Farabi Koordinat\u00f6rl\u00fc\u011f\u00fc internet sitesini ziyaret edebilirsiniz.<\/p>\n\n\n\n<div class=\"gspb_button_wrapper gspb_button-id-gsbp-777bede\" id=\"gspb_button-id-gsbp-777bede\"><a class=\"wp-block-greenshift-blocks-buttonbox gspb-buttonbox wp-element-button\" href=\"https:\/\/international.cumhuriyet.edu.tr\/en\/coordination-offices\/farabi\/\" rel=\"noopener\"><span class=\"gspb-buttonbox-textwrap\"><span class=\"gspb-buttonbox-text\"><span class=\"gspb-buttonbox-title\">Farabi Institutional Coordinator<\/span><\/span><span class=\"gspb-buttonbox-icon\"><svg class=\"\" style=\"display:inline-block;vertical-align:middle\" width=\"15\" height=\"15\" viewbox=\"0 0 896 1024\" xmlns=\"http:\/\/www.w3.org\/2000\/svg\"><path style=\"fill:#565D66\" d=\"M436.202 76.202l-39.598 39.598c-9.372 9.372-9.372 24.568 0 33.942l310.26 310.258h-682.864c-13.254 0-24 10.746-24 24v56c0 13.254 10.746 24 24 24h682.864l-310.26 310.26c-9.372 9.372-9.372 24.568 0 33.942l39.598 39.598c9.372 9.372 24.568 9.372 33.942 0l418.828-418.828c9.372-9.372 9.372-24.568 0-33.942l-418.83-418.828c-9.372-9.374-24.568-9.374-33.94 0z\"><\/path><\/svg><\/span><\/span><\/a><\/div>\n\n\n\n<p><\/p>","protected":false},"excerpt":{"rendered":"<p>K\u0131saca \u201cFarabi De\u011fi\u015fim Program\u0131\u201d olarak adland\u0131r\u0131lan Y\u00fcksek\u00f6\u011fretim Kurumlar\u0131 Aras\u0131nda \u00d6\u011frenci ve \u00d6\u011fretim \u00dcyesi De\u011fi\u015fim Program\u0131, \u00fcniversite ve y\u00fcksek teknoloji enstit\u00fcleri b\u00fcnyesinde \u00f6n lisans, lisans, y\u00fcksek lisans ve doktora d\u00fczeyinde e\u011fitim-\u00f6\u011fretim yapan y\u00fcksek\u00f6\u011fretim kurumlar\u0131 aras\u0131nda \u00f6\u011frenci ve \u00f6\u011fretim \u00fcyesi de\u011fi\u015fim program\u0131d\u0131r. Farabi De\u011fi\u015fim Program\u0131, \u00f6\u011frenci veya \u00f6\u011fretim \u00fcyelerinin bir veya iki yar\u0131y\u0131l s\u00fcresince kendi kurumlar\u0131n\u0131n d\u0131\u015f\u0131nda [&hellip;]<\/p>","protected":false},"author":1,"featured_media":0,"parent":345,"menu_order":0,"comment_status":"closed","ping_status":"closed","template":"","meta":{"_gspb_post_css":"#gspb_button-id-gsbp-777bede{display:flex;justify-content:flex-start}#gspb_button-id-gsbp-777bede .gspb-buttonbox-text{display:flex;flex-direction:column}#gspb_button-id-gsbp-777bede>.gspb-buttonbox{box-sizing:border-box}#gspb_button-id-gsbp-777bede>.gspb-buttonbox>.gspb-buttonbox-textwrap>.gspb-buttonbox-icon{display:flex}#gspb_button-id-gsbp-777bede>.gspb-buttonbox .gspb-buttonbox-icon svg,#gspb_button-id-gsbp-777bede>.gspb-buttonbox .gspb-buttonbox-icon svg path,#gspb_button-id-gsbp-777bede>.gspb-buttonbox:hover .gspb-buttonbox-icon svg,#gspb_button-id-gsbp-777bede>.gspb-buttonbox:hover .gspb-buttonbox-icon svg path{fill:var(--wp--preset--color--palette-color-8, var(--theme-palette-color-8, #ffffff))!important}#gspb_button-id-gsbp-777bede>.gspb-buttonbox .gspb-buttonbox-icon svg{margin:0!important}#gspb_button-id-gsbp-777bede>.gspb-buttonbox>.gspb-buttonbox-textwrap{display:flex;flex-direction:row;align-items:center}#gspb_button-id-gsbp-777bede .gspb-buttonbox-icon{margin-left:13px}#gspb_button-id-gsbp-777bede>.gspb-buttonbox,#gspb_button-id-gsbp-777bede>.gspb-buttonbox>.gspb_backgroundOverlay{border-top-left-radius:5px;border-top-right-radius:5px;border-bottom-right-radius:5px;border-bottom-left-radius:5px}","footnotes":""},"class_list":["post-1311","page","type-page","status-publish","hentry"],"blocksy_meta":[],"_links":{"self":[{"href":"https:\/\/international.cumhuriyet.edu.tr\/en\/wp-json\/wp\/v2\/pages\/1311","targetHints":{"allow":["GET"]}}],"collection":[{"href":"https:\/\/international.cumhuriyet.edu.tr\/en\/wp-json\/wp\/v2\/pages"}],"about":[{"href":"https:\/\/international.cumhuriyet.edu.tr\/en\/wp-json\/wp\/v2\/types\/page"}],"author":[{"embeddable":true,"href":"https:\/\/international.cumhuriyet.edu.tr\/en\/wp-json\/wp\/v2\/users\/1"}],"replies":[{"embeddable":true,"href":"https:\/\/international.cumhuriyet.edu.tr\/en\/wp-json\/wp\/v2\/comments?post=1311"}],"version-history":[{"count":9,"href":"https:\/\/international.cumhuriyet.edu.tr\/en\/wp-json\/wp\/v2\/pages\/1311\/revisions"}],"predecessor-version":[{"id":7679,"href":"https:\/\/international.cumhuriyet.edu.tr\/en\/wp-json\/wp\/v2\/pages\/1311\/revisions\/7679"}],"up":[{"embeddable":true,"href":"https:\/\/international.cumhuriyet.edu.tr\/en\/wp-json\/wp\/v2\/pages\/345"}],"wp:attachment":[{"href":"https:\/\/international.cumhuriyet.edu.tr\/en\/wp-json\/wp\/v2\/media?parent=1311"}],"curies":[{"name":"wp","href":"https:\/\/api.w.org\/{rel}","templated":true}]}}