{"id":1314,"date":"2023-03-19T22:42:16","date_gmt":"2023-03-19T19:42:16","guid":{"rendered":"https:\/\/international.cumhuriyet.edu.tr\/?page_id=1314"},"modified":"2025-12-06T03:48:15","modified_gmt":"2025-12-06T00:48:15","slug":"mou","status":"publish","type":"page","link":"https:\/\/international.cumhuriyet.edu.tr\/en\/mou\/","title":{"rendered":"\u0130kili Anla\u015fmalar (MoU)"},"content":{"rendered":"<p>\u00dcniversiteler aras\u0131 ikili anla\u015fmalar (Memorandum of Understanding) proje tabanl\u0131 de\u011fi\u015fim programlar\u0131ndan farkl\u0131 olarak iki \u00fcniversite aras\u0131 bir anla\u015fma\/protokol ile d\u00fczenlenmektedir.<\/p>\n\n\n\n<p>\u00dcniversitemizin ikili anla\u015fma yapt\u0131\u011f\u0131 kurumlar\u0131 g\u00f6r\u00fcnt\u00fclemek i\u00e7in Anla\u015fmalar sayfas\u0131n\u0131 ziyaret edebilirsiniz.<\/p>\n\n\n\n<div class=\"gspb_button_wrapper gspb_button-id-gsbp-777bede\" id=\"gspb_button-id-gsbp-777bede\"><a class=\"wp-block-greenshift-blocks-buttonbox gspb-buttonbox wp-element-button\" href=\"\/en\/partners\/\" rel=\"noopener\"><span class=\"gspb-buttonbox-textwrap\"><span class=\"gspb-buttonbox-text\"><span class=\"gspb-buttonbox-title\">ANLA\u015eMALAR<\/span><\/span><span class=\"gspb-buttonbox-icon\"><svg class=\"\" style=\"display:inline-block;vertical-align:middle\" width=\"15\" height=\"15\" viewbox=\"0 0 896 1024\" xmlns=\"http:\/\/www.w3.org\/2000\/svg\"><path style=\"fill:#565D66\" d=\"M436.202 76.202l-39.598 39.598c-9.372 9.372-9.372 24.568 0 33.942l310.26 310.258h-682.864c-13.254 0-24 10.746-24 24v56c0 13.254 10.746 24 24 24h682.864l-310.26 310.26c-9.372 9.372-9.372 24.568 0 33.942l39.598 39.598c9.372 9.372 24.568 9.372 33.942 0l418.828-418.828c9.372-9.372 9.372-24.568 0-33.942l-418.83-418.828c-9.372-9.374-24.568-9.374-33.94 0z\"><\/path><\/svg><\/span><\/span><\/a><\/div>","protected":false},"excerpt":{"rendered":"<p>\u00dcniversiteler aras\u0131 ikili anla\u015fmalar (Memorandum of Understanding) proje tabanl\u0131 de\u011fi\u015fim programlar\u0131ndan farkl\u0131 olarak iki \u00fcniversite aras\u0131 bir anla\u015fma\/protokol ile d\u00fczenlenmektedir. \u00dcniversitemizin ikili anla\u015fma yapt\u0131\u011f\u0131 kurumlar\u0131 g\u00f6r\u00fcnt\u00fclemek i\u00e7in Anla\u015fmalar sayfas\u0131n\u0131 ziyaret edebilirsiniz.<\/p>","protected":false},"author":1,"featured_media":0,"parent":0,"menu_order":0,"comment_status":"closed","ping_status":"closed","template":"","meta":{"_gspb_post_css":"#gspb_button-id-gsbp-777bede{display:flex;justify-content:flex-start}#gspb_button-id-gsbp-777bede .gspb-buttonbox-text{display:flex;flex-direction:column}#gspb_button-id-gsbp-777bede>.gspb-buttonbox{box-sizing:border-box}#gspb_button-id-gsbp-777bede>.gspb-buttonbox>.gspb-buttonbox-textwrap>.gspb-buttonbox-icon{display:flex}#gspb_button-id-gsbp-777bede>.gspb-buttonbox .gspb-buttonbox-icon svg,#gspb_button-id-gsbp-777bede>.gspb-buttonbox .gspb-buttonbox-icon svg path,#gspb_button-id-gsbp-777bede>.gspb-buttonbox:hover .gspb-buttonbox-icon svg,#gspb_button-id-gsbp-777bede>.gspb-buttonbox:hover .gspb-buttonbox-icon svg path{fill:var(--wp--preset--color--palette-color-8, var(--theme-palette-color-8, #ffffff))!important}#gspb_button-id-gsbp-777bede>.gspb-buttonbox .gspb-buttonbox-icon svg{margin:0!important}#gspb_button-id-gsbp-777bede>.gspb-buttonbox>.gspb-buttonbox-textwrap{display:flex;flex-direction:row;align-items:center}#gspb_button-id-gsbp-777bede .gspb-buttonbox-icon{margin-left:13px}#gspb_button-id-gsbp-777bede>.gspb-buttonbox,#gspb_button-id-gsbp-777bede>.gspb-buttonbox>.gspb_backgroundOverlay{border-top-left-radius:5px;border-top-right-radius:5px;border-bottom-right-radius:5px;border-bottom-left-radius:5px}","footnotes":""},"class_list":["post-1314","page","type-page","status-publish","hentry"],"blocksy_meta":[],"_links":{"self":[{"href":"https:\/\/international.cumhuriyet.edu.tr\/en\/wp-json\/wp\/v2\/pages\/1314","targetHints":{"allow":["GET"]}}],"collection":[{"href":"https:\/\/international.cumhuriyet.edu.tr\/en\/wp-json\/wp\/v2\/pages"}],"about":[{"href":"https:\/\/international.cumhuriyet.edu.tr\/en\/wp-json\/wp\/v2\/types\/page"}],"author":[{"embeddable":true,"href":"https:\/\/international.cumhuriyet.edu.tr\/en\/wp-json\/wp\/v2\/users\/1"}],"replies":[{"embeddable":true,"href":"https:\/\/international.cumhuriyet.edu.tr\/en\/wp-json\/wp\/v2\/comments?post=1314"}],"version-history":[{"count":9,"href":"https:\/\/international.cumhuriyet.edu.tr\/en\/wp-json\/wp\/v2\/pages\/1314\/revisions"}],"predecessor-version":[{"id":7671,"href":"https:\/\/international.cumhuriyet.edu.tr\/en\/wp-json\/wp\/v2\/pages\/1314\/revisions\/7671"}],"wp:attachment":[{"href":"https:\/\/international.cumhuriyet.edu.tr\/en\/wp-json\/wp\/v2\/media?parent=1314"}],"curies":[{"name":"wp","href":"https:\/\/api.w.org\/{rel}","templated":true}]}}