{"id":244,"date":"2022-06-21T18:31:50","date_gmt":"2022-06-21T15:31:50","guid":{"rendered":"https:\/\/international.cumhuriyet.edu.tr\/?page_id=244"},"modified":"2025-12-06T03:57:40","modified_gmt":"2025-12-06T00:57:40","slug":"partners","status":"publish","type":"page","link":"https:\/\/international.cumhuriyet.edu.tr\/en\/partners\/","title":{"rendered":"Partners"},"content":{"rendered":"<div class=\"wp-block-greenshift-blocks-tabs gspb-tabs gspb_tabs-id-gsbp-321017f gstabs-tabs\" data-autoplay=\"false\" data-autoplaytime=\"4\"><div class=\"t-btn-container\" role=\"tablist\"><button class=\"t-btn active\" aria-selected=\"true\" role=\"tab\" tabindex=\"0\" id=\"gspb-tab-item-btn-gsbp-321017f-0\" aria-controls=\"gspb-tab-item-content-gsbp-321017f-0\"><div class=\"tabtitlelabel\">Memorandum of Understandings<\/div><\/button><button class=\"t-btn\" aria-selected=\"false\" role=\"tab\" tabindex=\"-1\" id=\"gspb-tab-item-btn-gsbp-321017f-1\" aria-controls=\"gspb-tab-item-content-gsbp-321017f-1\"><div class=\"tabtitlelabel\">SEMP<\/div><\/button><button class=\"t-btn\" aria-selected=\"false\" role=\"tab\" tabindex=\"-1\" id=\"gspb-tab-item-btn-gsbp-321017f-2\" aria-controls=\"gspb-tab-item-content-gsbp-321017f-2\"><div class=\"tabtitlelabel\">Orhun<\/div><\/button><button class=\"t-btn\" aria-selected=\"false\" role=\"tab\" tabindex=\"-1\" id=\"gspb-tab-item-btn-gsbp-321017f-3\" aria-controls=\"gspb-tab-item-content-gsbp-321017f-3\"><div class=\"tabtitlelabel\">Mevlana<\/div><\/button><button class=\"t-btn\" aria-selected=\"false\" role=\"tab\" tabindex=\"-1\" id=\"gspb-tab-item-btn-gsbp-321017f-4\" aria-controls=\"gspb-tab-item-content-gsbp-321017f-4\"><div class=\"tabtitlelabel\">Farabi<\/div><\/button><\/div><div class=\"t-panel-container\"><div class=\"gswipertabs\"><div class=\"swiper-wrapper\">\n<div aria-labelledby=\"gspb-tab-item-btn-gsbp-321017f-0\" id=\"gspb-tab-item-content-gsbp-321017f-0\" role=\"tabpanel\" tabindex=\"0\" class=\"t-panel swiper-slide active\"><div class=\"wp-block-greenshift-blocks-tab\">\n<h5 class=\"wp-block-heading\" id=\"universiteler-arasi-isbirligi-memorandum-of-understanding-anlasmalari\">\u00dcniversiteler aras\u0131 \u0130\u015fbirli\u011fi (Memorandum of Understanding) Anla\u015fmalar\u0131<\/h5>\n\n\n\n<div id=\"footable_parent_7354\"\n         class=\"footable_parent ninja_table_wrapper loading_ninja_table wp_table_data_press_parent semantic_ui\">\n                <table data-ninja_table_instance=\"ninja_table_instance_0\" data-footable_id=\"7354\" data-filter-delay=\"1000\" aria-label=\"MoUs\"            id=\"footable_7354\"\n           data-unique_identifier=\"ninja_table_unique_id_57031386_7354\"\n           class=\"foo-table ninja_footable foo_table_7354 ninja_table_unique_id_57031386_7354 ui table  nt_type_ajax_table selectable striped compact vertical_centered  footable-paging-right\">\n                <colgroup>\n                            <col class=\"ninja_column_0\">\n                            <col class=\"ninja_column_1\">\n                            <col class=\"ninja_column_2\">\n                            <col class=\"ninja_column_3\">\n                            <col class=\"ninja_column_4\">\n                            <col class=\"ninja_column_5\">\n                    <\/colgroup>\n            <\/table>\n    \n    \n    \n<\/div>\n\n<\/div><\/div>\n\n\n\n<div aria-labelledby=\"gspb-tab-item-btn-gsbp-321017f-1\" id=\"gspb-tab-item-content-gsbp-321017f-1\" role=\"tabpanel\" tabindex=\"0\" class=\"t-panel swiper-slide\"><div class=\"wp-block-greenshift-blocks-tab\">\n<h5 class=\"wp-block-heading\" id=\"universiteler-arasi-isbirligi-memorandum-of-understanding-anlasmalari\">Swiss-European Mobility Programme (SEMP) Anla\u015fmalar\u0131<\/h5>\n\n\n\n<figure class=\"wp-block-table\"><table class=\"has-fixed-layout\"><thead><tr><th><strong>Alpha2 Code<\/strong><\/th><th>Country<\/th><th>City<\/th><th>University<\/th><th>WWW<\/th><th>Date Signed<\/th><\/tr><\/thead><tbody><tr><td>CH<\/td><td>Switzerland<\/td><td>Geneva<\/td><td>HES-SO Gen\u00e8ve<\/td><td>hesge.ch<\/td><td><\/td><\/tr><\/tbody><\/table><\/figure>\n<\/div><\/div>\n\n\n\n<div aria-labelledby=\"gspb-tab-item-btn-gsbp-321017f-2\" id=\"gspb-tab-item-content-gsbp-321017f-2\" role=\"tabpanel\" tabindex=\"0\" class=\"t-panel swiper-slide\"><div class=\"wp-block-greenshift-blocks-tab\">\n<h5 class=\"wp-block-heading\" id=\"universiteler-arasi-isbirligi-memorandum-of-understanding-anlasmalari\">Orhun De\u011fi\u015fim Program\u0131 Protokolleri<\/h5>\n\n\n\n<p>Veri yok.<\/p>\n<\/div><\/div>\n\n\n\n<div aria-labelledby=\"gspb-tab-item-btn-gsbp-321017f-3\" id=\"gspb-tab-item-content-gsbp-321017f-3\" role=\"tabpanel\" tabindex=\"0\" class=\"t-panel swiper-slide\"><div class=\"wp-block-greenshift-blocks-tab\">\n<h5 class=\"wp-block-heading\" id=\"universiteler-arasi-isbirligi-memorandum-of-understanding-anlasmalari\">Mevlana De\u011fi\u015fim Program\u0131 Protokolleri<\/h5>\n\n\n\n<p>Veri yok.<\/p>\n<\/div><\/div>\n\n\n\n<div aria-labelledby=\"gspb-tab-item-btn-gsbp-321017f-4\" id=\"gspb-tab-item-content-gsbp-321017f-4\" role=\"tabpanel\" tabindex=\"0\" class=\"t-panel swiper-slide\"><div class=\"wp-block-greenshift-blocks-tab\">\n<h5 class=\"wp-block-heading\" id=\"universiteler-arasi-isbirligi-memorandum-of-understanding-anlasmalari\">Farabi De\u011fi\u015fim Program\u0131 Protokolleri<\/h5>\n\n\n\n<p>Veri yok.<\/p>\n<\/div><\/div>\n<\/div><\/div><\/div><\/div>\n\n\n\n<div class=\"wp-block-greenshift-blocks-infobox gspb_infoBox gspb_infoBox-id-gsbp-973f8af\" id=\"gspb_infoBox-id-gsbp-973f8af\"><div class=\"gs-box blue_type\"><div class=\"gs-box-icon\"><\/div><div class=\"gs-box-text\">\n<p><strong>Alpha2 Code:<\/strong>&nbsp;\u00dclkenin ISO 3166-1 alfa-2 kodu<br><strong>Country:<\/strong>&nbsp;\u00dclke ad\u0131<br><strong>City:<\/strong>&nbsp;\u015eehir ad\u0131<br><strong>University:<\/strong>&nbsp;\u00dcniversite ad\u0131<br><strong>WWW:<\/strong>&nbsp;\u00dcniversitenin internet sitesi<br><strong>Date Signed:<\/strong>&nbsp;Anla\u015fman\u0131n imzaland\u0131\u011f\u0131 tarih<\/p>\n<\/div><\/div><\/div>\n\n\n\n<div class=\"wp-block-greenshift-blocks-infobox gspb_infoBox gspb_infoBox-id-gsbp-d02db61\" id=\"gspb_infoBox-id-gsbp-d02db61\"><div class=\"gs-box blue_type\"><div class=\"gs-box-icon\"><\/div><div class=\"gs-box-text\">\n<ul class=\"wp-block-list\">\n<li>Bilgi ama\u00e7l\u0131d\u0131r resmi bir h\u00fckm\u00fc bulunmamaktad\u0131r. Bu listede g\u00f6sterilen veri ile Erasmus+ Kurum Koordinat\u00f6rl\u00fc\u011f\u00fc ve EWP verisinin uyu\u015fmamas\u0131 durumunda Koordinat\u00f6rl\u00fck ve EWP verisi esas al\u0131n\u0131r.<\/li>\n\n\n\n<li>Bu sayfada yer alan kontenjan kurumlar aras\u0131 anla\u015fma kontenjan\u0131n\u0131 ve azami hareketlilik say\u0131s\u0131n\u0131 belirtmektedir. \u0130lan hibe kontenjan\u0131 farkl\u0131 oldu\u011fundan her ilan\u0131n hibe kontenjan\u0131 farkl\u0131l\u0131k g\u00f6stermektedir. \u0130lgili ba\u015fvuru d\u00f6neminde yay\u0131mlanan ilandaki kontenjan baz al\u0131nmakta, adaylar\u0131n ilanlarda belirtilen kontenjan\u0131 dikkate almas\u0131 gerekmektedir.<\/li>\n<\/ul>\n<\/div><\/div><\/div>\n\n\n\n<div class=\"wp-block-greenshift-blocks-infobox gspb_infoBox gspb_infoBox-id-gsbp-4d34a9b\" id=\"gspb_infoBox-id-gsbp-4d34a9b\"><div class=\"gs-box blue_type\"><div class=\"gs-box-icon\"><\/div><div class=\"gs-box-text\">\n<p>Erasmus+ De\u011fi\u015fim Program\u0131n\u0131n kurumlar aras\u0131 anla\u015fmalar\u0131&nbsp;<a href=\"https:\/\/erasmus.cumhuriyet.edu.tr\/partners\/\" target=\"_blank\" rel=\"noreferrer noopener\">Erasmus+ Institutional Coordinator<\/a>n\u00fcn internet sitesinde yer almaktad\u0131r.<\/p>\n<\/div><\/div><\/div>\n\n\n\n<div class=\"wp-block-greenshift-blocks-infobox gspb_infoBox gspb_infoBox-id-gsbp-8471cef\" id=\"gspb_infoBox-id-gsbp-8471cef\"><div class=\"gs-box blue_type\"><div class=\"gs-box-icon\"><\/div><div class=\"gs-box-text\">\n<p>Bu sayfa 01.05.2024 09.44 tarihinde g\u00fcncellenmi\u015ftir.<\/p>\n<\/div><\/div><\/div>","protected":false},"excerpt":{"rendered":"","protected":false},"author":1,"featured_media":0,"parent":0,"menu_order":0,"comment_status":"closed","ping_status":"closed","template":"","meta":{"_gspb_post_css":".gspb-tabs *{box-sizing: border-box !important}.t-btn-container{display:flex;flex-direction:row;width:100%;align-items:center;margin-bottom:-1px;flex-wrap:wrap}.t-btn-container .t-btn{background-origin: border-box;list-style:none;display:inline-flex;align-items:center;margin:0;padding:11px 24px;cursor:pointer;position:relative;transition:all .4s ease-in-out; font-size:20px}.t-btn-container .t-btn .tabsubtitle{font-size:70%;opacity:.7}.gstabs-tabs .t-btn{border:1px solid transparent;border-top-width:2px}.gstabs-tabs .t-btn:focus{outline:none;}.gstabs-tabs .t-btn.active{border-color:rgba(206,206,206,.4);border-bottom-color:#fff;background-color:#fff;color:#333}.t-panel-container .t-panel{opacity:0;overflow:hidden;display:none}.t-panel-container .t-panel.active{opacity:1;display:block!important}.t-panel-container{margin-bottom:25px;overflow:hidden; padding:30px}.gstabs-tabs .t-panel-container{border:1px solid rgba(206,206,206,.4);background-color:#fff}.t-btn-container ul{margin:0!important;padding:0!important}.gstabs-underline .t-btn-container .t-btn:after{position:absolute;bottom:0;left:0;content:'';height:3px;width:0;transition:width .5s,left .5s,right .5s;}.gstabs-underline .t-btn-container .t-btn.active:after{width:100%;left:0;right:0}.gstabs-pills .t-btn-container .t-btn{margin:0 10px;border:1px solid transparent}.gstabs-vertical{display:flex}.gstabs-vertical .t-btn-container{display:block;width:150px}.gstabs-vertical .t-btn-container .t-btn{margin-bottom:10px;width:150px; border:1px solid transparent}.gstabs-vertical .t-panel-container{flex-grow:1}.t-btn-container .t-btn .gs-image{flex-grow:inherit;}.t-btn-container .t-btn img{margin:0;height:25px;min-width:auto}@keyframes gcwidthleftright{0%{width:0%}100%{width:100%}}@keyframes gcslidefromtop{0%{transform:translateY(-10px);opacity:0}100%{transform:translateY(0);opacity:1}}@media (max-width: 575.98px){body .tabscroll .t-btn-container{overflow-x:scroll;flex-wrap:nowrap;scroll-behavior:smooth;scroll-snap-type:x mandatory;width: 100% !important;white-space: nowrap;display:block; padding-bottom:15px}.tabscroll .t-btn-container .t-btn{scroll-snap-align:start;white-space: nowrap;width: auto !important;margin-right: 10px;}.tabscroll .t-btn-container .t-btn.active{box-shadow:none!important}.gstabs-vertical{display:block !important}.gstabs-vertical .t-panel-container{margin-top:25px}.t-btn-container .t-btn{font-size:15px}}.gswipertabs{overflow:hidden}.t-panel-container .t-panel{width:100%}.t-panel-container p:last-of-type{margin-bottom:0}.gspb_tabs-id-gsbp-321017f .t-btn-container{justify-content: left}.gspb_tabs-id-gsbp-321017f > .t-btn-container > .t-btn{background-color: #f5f5f5}.gspb_tabs-id-gsbp-321017f > .t-btn-container > .t-btn.active{background-color: #e5e5e5}@media(min-width:768px){.gspb_tabs-id-gsbp-321017f .t-btn-container .t-btn{justify-content:center; flex-grow:1}}.tabtitlelabel{flex-grow:1}.gspb_tabs-id-gsbp-321017f .t-btn-container .t-btn{gap:10px}.gs-box{padding:20px;border-left:5px solid transparent;margin-bottom:25px}.gs-box-text > p{margin-bottom: 20px;margin-top:0}.gs-box-text > p:last-of-type{margin-bottom:0}.gs-box.blue_type{color:#31708f;background-color:#d9edf7;border-color:#bcdff1}#gspb_infoBox-id-gsbp-973f8af .gs-box-text{flex-grow:1;margin:0}.gs-box{padding:20px;border-left:5px solid transparent;margin-bottom:25px}.gs-box-text > p{margin-bottom: 20px;margin-top:0}.gs-box-text > p:last-of-type{margin-bottom:0}.gs-box.blue_type{color:#31708f;background-color:#d9edf7;border-color:#bcdff1}#gspb_infoBox-id-gsbp-d02db61 .gs-box-text{flex-grow:1;margin:0}.gs-box{padding:20px;border-left:5px solid transparent;margin-bottom:25px}.gs-box-text > p{margin-bottom: 20px;margin-top:0}.gs-box-text > p:last-of-type{margin-bottom:0}.gs-box.blue_type{color:#31708f;background-color:#d9edf7;border-color:#bcdff1}#gspb_infoBox-id-gsbp-4d34a9b .gs-box-text{flex-grow:1;margin:0}#gspb_infoBox-id-gsbp-4d34a9b .gs-box-icon{padding-top:px;padding-right:15px;}#gspb_infoBox-id-gsbp-4d34a9b{text-align:left;}.gs-box{padding:20px;border-left:5px solid transparent;margin-bottom:25px}.gs-box-text > p{margin-bottom: 20px;margin-top:0}.gs-box-text > p:last-of-type{margin-bottom:0}.gs-box.blue_type{color:#31708f;background-color:#d9edf7;border-color:#bcdff1}#gspb_infoBox-id-gsbp-8471cef .gs-box-text{flex-grow:1;margin:0}","footnotes":""},"class_list":["post-244","page","type-page","status-publish","hentry"],"blocksy_meta":[],"_links":{"self":[{"href":"https:\/\/international.cumhuriyet.edu.tr\/en\/wp-json\/wp\/v2\/pages\/244","targetHints":{"allow":["GET"]}}],"collection":[{"href":"https:\/\/international.cumhuriyet.edu.tr\/en\/wp-json\/wp\/v2\/pages"}],"about":[{"href":"https:\/\/international.cumhuriyet.edu.tr\/en\/wp-json\/wp\/v2\/types\/page"}],"author":[{"embeddable":true,"href":"https:\/\/international.cumhuriyet.edu.tr\/en\/wp-json\/wp\/v2\/users\/1"}],"replies":[{"embeddable":true,"href":"https:\/\/international.cumhuriyet.edu.tr\/en\/wp-json\/wp\/v2\/comments?post=244"}],"version-history":[{"count":38,"href":"https:\/\/international.cumhuriyet.edu.tr\/en\/wp-json\/wp\/v2\/pages\/244\/revisions"}],"predecessor-version":[{"id":7675,"href":"https:\/\/international.cumhuriyet.edu.tr\/en\/wp-json\/wp\/v2\/pages\/244\/revisions\/7675"}],"wp:attachment":[{"href":"https:\/\/international.cumhuriyet.edu.tr\/en\/wp-json\/wp\/v2\/media?parent=244"}],"curies":[{"name":"wp","href":"https:\/\/api.w.org\/{rel}","templated":true}]}}