{"id":423,"date":"2022-08-08T09:55:54","date_gmt":"2022-08-08T09:55:54","guid":{"rendered":"https:\/\/international.cumhuriyet.edu.tr\/?page_id=423"},"modified":"2025-12-06T03:45:41","modified_gmt":"2025-12-06T00:45:41","slug":"erasmus","status":"publish","type":"page","link":"https:\/\/international.cumhuriyet.edu.tr\/en\/exchange-programmes\/erasmus\/","title":{"rendered":"Erasmus+"},"content":{"rendered":"<p>Erasmus+ Program\u0131 AB\u2019nin e\u011fitim, gen\u00e7lik ve spor alanlar\u0131ndaki hibe program\u0131d\u0131r. Yurt d\u0131\u015f\u0131nda e\u011fitim, \u00f6\u011fretim, staj, profesyonel geli\u015fim, yayg\u0131n \u00f6\u011frenme temelli gen\u00e7lik aktiviteleri ile kurumlar aras\u0131ndaki i\u015fbirliklerini desteklemektedir.<br>Erasmus+\u00a02021-2027 y\u0131llar\u0131 aras\u0131nda uygulanan e\u011fitim, gen\u00e7lik ve spor alanlar\u0131n\u0131 kapsayan Avrupa Birli\u011finin hibe program\u0131d\u0131r. Erasmus+ Program\u0131 ile ki\u015filere, ya\u015f ve e\u011fitim ge\u00e7mi\u015flerine bak\u0131lmaks\u0131z\u0131n yeni beceriler kazand\u0131r\u0131lmas\u0131, onlar\u0131n ki\u015fisel geli\u015fimlerinin g\u00fc\u00e7lendirilmesi ve istihdam olanaklar\u0131n\u0131n art\u0131r\u0131lmas\u0131 ama\u00e7lanmaktad\u0131r. Erasmus+ Program\u0131n\u0131n 2021-2027 y\u0131llar\u0131 i\u00e7in t\u00fcm Avrupa\u2019daki b\u00fct\u00e7esi 28,4 Milyar Avro\u2019dur.<br>Erasmus+ Program\u0131 kapsam\u0131nda desteklenen faaliyetler temel olarak 3 Ana Eylem (Key Action, KA) ve 1 \u00d6zel Eylem alt\u0131nda toplanmaktad\u0131r.<\/p>\n\n\n\n<figure class=\"wp-block-image size-full\"><img loading=\"lazy\" decoding=\"async\" width=\"2560\" height=\"1305\" src=\"https:\/\/international.cumhuriyet.edu.tr\/wp-content\/uploads\/erasmus-programme-scheme-scaled.png\" alt=\"\" class=\"wp-image-7664\" srcset=\"https:\/\/international.cumhuriyet.edu.tr\/wp-content\/uploads\/erasmus-programme-scheme-scaled.png 2560w, https:\/\/international.cumhuriyet.edu.tr\/wp-content\/uploads\/erasmus-programme-scheme-300x153.png 300w, https:\/\/international.cumhuriyet.edu.tr\/wp-content\/uploads\/erasmus-programme-scheme-1024x522.png 1024w, https:\/\/international.cumhuriyet.edu.tr\/wp-content\/uploads\/erasmus-programme-scheme-768x392.png 768w, https:\/\/international.cumhuriyet.edu.tr\/wp-content\/uploads\/erasmus-programme-scheme-1536x783.png 1536w, https:\/\/international.cumhuriyet.edu.tr\/wp-content\/uploads\/erasmus-programme-scheme-2048x1044.png 2048w, https:\/\/international.cumhuriyet.edu.tr\/wp-content\/uploads\/erasmus-programme-scheme-18x9.png 18w\" sizes=\"auto, (max-width: 2560px) 100vw, 2560px\" \/><\/figure>\n\n\n\n<p class=\"has-text-align-right\">Kaynak:&nbsp;<a href=\"https:\/\/ua.gov.tr\/programlar_\/erasmus-programi\/\" target=\"_blank\" rel=\"noreferrer noopener\">T\u00fcrkiye Ulusal Ajans\u0131<\/a><\/p>\n\n\n\n<p>Erasmus+ program\u0131n\u0131n Y\u00fcksek\u00f6\u011fretim alan\u0131ndaki f\u0131rsatlar\u0131ndan yararlanmak i\u00e7in \u00dcniversitemiz Erasmus+ Kurum Koordinat\u00f6rl\u00fc\u011f\u00fc internet sitesini ziyaret edebilirsiniz.<\/p>\n\n\n\n<div class=\"gspb_button_wrapper gspb_button-id-gsbp-777bede\" id=\"gspb_button-id-gsbp-777bede\"><a class=\"wp-block-greenshift-blocks-buttonbox gspb-buttonbox wp-element-button\" href=\"https:\/\/erasmus.cumhuriyet.edu.tr\" target=\"_blank\" rel=\"noopener\"><span class=\"gspb-buttonbox-textwrap\"><span class=\"gspb-buttonbox-text\"><span class=\"gspb-buttonbox-title\">Erasmus+ Institutional Coordinator<\/span><\/span><span class=\"gspb-buttonbox-icon\"><svg class=\"\" style=\"display:inline-block;vertical-align:middle\" width=\"15\" height=\"15\" viewbox=\"0 0 896 1024\" xmlns=\"http:\/\/www.w3.org\/2000\/svg\"><path style=\"fill:#565D66\" d=\"M436.202 76.202l-39.598 39.598c-9.372 9.372-9.372 24.568 0 33.942l310.26 310.258h-682.864c-13.254 0-24 10.746-24 24v56c0 13.254 10.746 24 24 24h682.864l-310.26 310.26c-9.372 9.372-9.372 24.568 0 33.942l39.598 39.598c9.372 9.372 24.568 9.372 33.942 0l418.828-418.828c9.372-9.372 9.372-24.568 0-33.942l-418.83-418.828c-9.372-9.374-24.568-9.374-33.94 0z\"><\/path><\/svg><\/span><\/span><\/a><\/div>","protected":false},"excerpt":{"rendered":"<p>Erasmus+ Program\u0131 AB\u2019nin e\u011fitim, gen\u00e7lik ve spor alanlar\u0131ndaki hibe program\u0131d\u0131r. Yurt d\u0131\u015f\u0131nda e\u011fitim, \u00f6\u011fretim, staj, profesyonel geli\u015fim, yayg\u0131n \u00f6\u011frenme temelli gen\u00e7lik aktiviteleri ile kurumlar aras\u0131ndaki i\u015fbirliklerini desteklemektedir.Erasmus+\u00a02021-2027 y\u0131llar\u0131 aras\u0131nda uygulanan e\u011fitim, gen\u00e7lik ve spor alanlar\u0131n\u0131 kapsayan Avrupa Birli\u011finin hibe program\u0131d\u0131r. Erasmus+ Program\u0131 ile ki\u015filere, ya\u015f ve e\u011fitim ge\u00e7mi\u015flerine bak\u0131lmaks\u0131z\u0131n yeni beceriler kazand\u0131r\u0131lmas\u0131, onlar\u0131n ki\u015fisel geli\u015fimlerinin [&hellip;]<\/p>","protected":false},"author":1,"featured_media":0,"parent":345,"menu_order":0,"comment_status":"closed","ping_status":"closed","template":"","meta":{"_gspb_post_css":"#gspb_button-id-gsbp-777bede{display:flex;justify-content:flex-start}#gspb_button-id-gsbp-777bede .gspb-buttonbox-text{display:flex;flex-direction:column}#gspb_button-id-gsbp-777bede>.gspb-buttonbox{box-sizing:border-box}#gspb_button-id-gsbp-777bede>.gspb-buttonbox>.gspb-buttonbox-textwrap>.gspb-buttonbox-icon{display:flex}#gspb_button-id-gsbp-777bede>.gspb-buttonbox .gspb-buttonbox-icon svg,#gspb_button-id-gsbp-777bede>.gspb-buttonbox .gspb-buttonbox-icon svg path,#gspb_button-id-gsbp-777bede>.gspb-buttonbox:hover .gspb-buttonbox-icon svg,#gspb_button-id-gsbp-777bede>.gspb-buttonbox:hover .gspb-buttonbox-icon svg path{fill:var(--wp--preset--color--palette-color-8, var(--theme-palette-color-8, #ffffff))!important}#gspb_button-id-gsbp-777bede>.gspb-buttonbox .gspb-buttonbox-icon svg{margin:0!important}#gspb_button-id-gsbp-777bede>.gspb-buttonbox>.gspb-buttonbox-textwrap{display:flex;flex-direction:row;align-items:center}#gspb_button-id-gsbp-777bede .gspb-buttonbox-icon{margin-left:13px}#gspb_button-id-gsbp-777bede>.gspb-buttonbox,#gspb_button-id-gsbp-777bede>.gspb-buttonbox>.gspb_backgroundOverlay{border-top-left-radius:5px;border-top-right-radius:5px;border-bottom-right-radius:5px;border-bottom-left-radius:5px}","footnotes":""},"class_list":["post-423","page","type-page","status-publish","hentry"],"blocksy_meta":{"page_structure_type":"default","content_style_source":"inherit","content_style":"wide","vertical_spacing_source":"inherit","content_area_spacing":"both","styles_descriptor":{"styles":{"desktop":"","tablet":"","mobile":""},"google_fonts":[],"version":6}},"_links":{"self":[{"href":"https:\/\/international.cumhuriyet.edu.tr\/en\/wp-json\/wp\/v2\/pages\/423","targetHints":{"allow":["GET"]}}],"collection":[{"href":"https:\/\/international.cumhuriyet.edu.tr\/en\/wp-json\/wp\/v2\/pages"}],"about":[{"href":"https:\/\/international.cumhuriyet.edu.tr\/en\/wp-json\/wp\/v2\/types\/page"}],"author":[{"embeddable":true,"href":"https:\/\/international.cumhuriyet.edu.tr\/en\/wp-json\/wp\/v2\/users\/1"}],"replies":[{"embeddable":true,"href":"https:\/\/international.cumhuriyet.edu.tr\/en\/wp-json\/wp\/v2\/comments?post=423"}],"version-history":[{"count":177,"href":"https:\/\/international.cumhuriyet.edu.tr\/en\/wp-json\/wp\/v2\/pages\/423\/revisions"}],"predecessor-version":[{"id":7668,"href":"https:\/\/international.cumhuriyet.edu.tr\/en\/wp-json\/wp\/v2\/pages\/423\/revisions\/7668"}],"up":[{"embeddable":true,"href":"https:\/\/international.cumhuriyet.edu.tr\/en\/wp-json\/wp\/v2\/pages\/345"}],"wp:attachment":[{"href":"https:\/\/international.cumhuriyet.edu.tr\/en\/wp-json\/wp\/v2\/media?parent=423"}],"curies":[{"name":"wp","href":"https:\/\/api.w.org\/{rel}","templated":true}]}}