{"id":6368,"date":"2025-01-20T23:59:41","date_gmt":"2025-01-20T20:59:41","guid":{"rendered":"https:\/\/international.cumhuriyet.edu.tr\/?page_id=6368"},"modified":"2026-01-07T02:18:13","modified_gmt":"2026-01-06T23:18:13","slug":"coordination-offices","status":"publish","type":"page","link":"https:\/\/international.cumhuriyet.edu.tr\/en\/coordination-offices\/","title":{"rendered":"Coordination Offices"},"content":{"rendered":"<div class=\"wp-block-greenshift-blocks-row gspb_row gspb_row-id-gsbp-e304581 gspb_row--gutter-custom-0\" id=\"gspb_row-id-gsbp-e304581\"><div class=\"gspb_row__content\"> \n<div class=\"wp-block-greenshift-blocks-row-column gspb_row__col--4 gspb_row__col--md-12 gspb_col-id-gsbp-3630829\" id=\"gspb_col-id-gsbp-3630829\">\n<div class=\"wp-block-greenshift-blocks-iconbox gspb_iconBox gspb_iconBox-id-gsbp-ee90a80\" id=\"gspb_iconBox-id-gsbp-ee90a80\"><div class=\"gspb_iconBox__wrapper\" style=\"display:inline-flex\"><img decoding=\"async\" src=\"https:\/\/international.cumhuriyet.edu.tr\/wp-content\/uploads\/brand_erasmus.webp\"\/><\/div><\/div>\n\n\n\n<h3 id=\"gspb_heading-id-gsbp-955401f\" class=\"gspb_heading gspb_heading-id-gsbp-955401f\">Erasmus+ Institutional Coordinator<\/h3>\n\n\n\n<div class=\"gspb_button_wrapper gspb_button-id-gsbp-6e4c6e8\" id=\"gspb_button-id-gsbp-6e4c6e8\"><a class=\"wp-block-greenshift-blocks-buttonbox gspb-buttonbox wp-element-button\" href=\"https:\/\/international.cumhuriyet.edu.tr\/en\/exchange-programmes\/erasmus\/\" rel=\"noopener\"><span class=\"gspb-buttonbox-textwrap\"><span class=\"gspb-buttonbox-text\"><span class=\"gspb-buttonbox-title\">Sayfaya git<\/span><\/span><span class=\"gspb-buttonbox-icon\"><svg xmlns=\"http:\/\/www.w3.org\/2000\/svg\" style=\"width:5rem;height:5rem;margin:10px\" viewbox=\"0 0 24 24\"><path fill-rule=\"evenodd\" d=\"M24 0v22.78h-2.87V4.9L2.03 24 0 21.97l19.1-19.1H1.26V0H24Z\"><\/path><\/svg><\/span><\/span><\/a><\/div>\n<\/div>\n\n\n\n<div class=\"wp-block-greenshift-blocks-row-column gspb_row__col--4 gspb_row__col--md-12 gspb_col-id-gsbp-ca33e9f\" id=\"gspb_col-id-gsbp-ca33e9f\">\n<div class=\"wp-block-greenshift-blocks-iconbox gspb_iconBox gspb_iconBox-id-gsbp-971fc12\" id=\"gspb_iconBox-id-gsbp-971fc12\"><div class=\"gspb_iconBox__wrapper\" style=\"display:inline-flex\"><img decoding=\"async\" src=\"https:\/\/international.cumhuriyet.edu.tr\/wp-content\/uploads\/brand_mevlana.webp\"\/><\/div><\/div>\n\n\n\n<h3 id=\"gspb_heading-id-gsbp-51ff451\" class=\"gspb_heading gspb_heading-id-gsbp-51ff451\">Mevlana Institutional Coordinator<\/h3>\n\n\n\n<div class=\"gspb_button_wrapper gspb_button-id-gsbp-9c9cf7d\" id=\"gspb_button-id-gsbp-9c9cf7d\"><a class=\"wp-block-greenshift-blocks-buttonbox gspb-buttonbox wp-element-button\" href=\"https:\/\/international.cumhuriyet.edu.tr\/en\/coordination-offices\/mevlana\/\" rel=\"noopener\"><span class=\"gspb-buttonbox-textwrap\"><span class=\"gspb-buttonbox-text\"><span class=\"gspb-buttonbox-title\">Sayfaya Git<\/span><\/span><span class=\"gspb-buttonbox-icon\"><svg xmlns=\"http:\/\/www.w3.org\/2000\/svg\" style=\"width:5rem;height:5rem;margin:10px\" viewbox=\"0 0 24 24\"><path fill-rule=\"evenodd\" d=\"M24 0v22.78h-2.87V4.9L2.03 24 0 21.97l19.1-19.1H1.26V0H24Z\"><\/path><\/svg><\/span><\/span><\/a><\/div>\n<\/div>\n\n\n\n<div class=\"wp-block-greenshift-blocks-row-column gspb_row__col--4 gspb_row__col--md-12 gspb_col-id-gsbp-7e84b95\" id=\"gspb_col-id-gsbp-7e84b95\">\n<div class=\"wp-block-greenshift-blocks-iconbox gspb_iconBox gspb_iconBox-id-gsbp-7cdaadd\" id=\"gspb_iconBox-id-gsbp-7cdaadd\"><div class=\"gspb_iconBox__wrapper\" style=\"display:inline-flex\"><img decoding=\"async\" src=\"https:\/\/international.cumhuriyet.edu.tr\/wp-content\/uploads\/brand_farabi.webp\"\/><\/div><\/div>\n\n\n\n<h3 id=\"gspb_heading-id-gsbp-f69dde1\" class=\"gspb_heading gspb_heading-id-gsbp-f69dde1\">Farabi Institutional Coordinator<\/h3>\n\n\n\n<div class=\"gspb_button_wrapper gspb_button-id-gsbp-2846844\" id=\"gspb_button-id-gsbp-2846844\"><a class=\"wp-block-greenshift-blocks-buttonbox gspb-buttonbox wp-element-button\" href=\"https:\/\/international.cumhuriyet.edu.tr\/en\/coordination-offices\/farabi\/\" rel=\"noopener\"><span class=\"gspb-buttonbox-textwrap\"><span class=\"gspb-buttonbox-text\"><span class=\"gspb-buttonbox-title\">Sayfaya Git<\/span><\/span><span class=\"gspb-buttonbox-icon\"><svg xmlns=\"http:\/\/www.w3.org\/2000\/svg\" style=\"width:5rem;height:5rem;margin:10px\" viewbox=\"0 0 24 24\"><path fill-rule=\"evenodd\" d=\"M24 0v22.78h-2.87V4.9L2.03 24 0 21.97l19.1-19.1H1.26V0H24Z\"><\/path><\/svg><\/span><\/span><\/a><\/div>\n<\/div>\n\n\n\n<div class=\"wp-block-greenshift-blocks-row-column gspb_row__col--4 gspb_row__col--md-12 gspb_col-id-gsbp-10f4915\" id=\"gspb_col-id-gsbp-10f4915\">\n<div class=\"wp-block-greenshift-blocks-iconbox gspb_iconBox gspb_iconBox-id-gsbp-64c82eb\" id=\"gspb_iconBox-id-gsbp-64c82eb\"><div class=\"gspb_iconBox__wrapper\" style=\"display:inline-flex\"><img decoding=\"async\" src=\"https:\/\/international.cumhuriyet.edu.tr\/wp-content\/uploads\/brand_bologna.webp\"\/><\/div><\/div>\n\n\n\n<h3 id=\"gspb_heading-id-gsbp-99438fe\" class=\"gspb_heading gspb_heading-id-gsbp-99438fe\">Bologna Institutional Coordinator<\/h3>\n\n\n\n<div class=\"gspb_button_wrapper gspb_button-id-gsbp-9794ac6\" id=\"gspb_button-id-gsbp-9794ac6\"><a class=\"wp-block-greenshift-blocks-buttonbox gspb-buttonbox wp-element-button\" href=\"https:\/\/international.cumhuriyet.edu.tr\/en\/coordination-offices\/bologna\/\" rel=\"noopener\"><span class=\"gspb-buttonbox-textwrap\"><span class=\"gspb-buttonbox-text\"><span class=\"gspb-buttonbox-title\">Sayfaya Git<\/span><\/span><span class=\"gspb-buttonbox-icon\"><svg xmlns=\"http:\/\/www.w3.org\/2000\/svg\" style=\"width:5rem;height:5rem;margin:10px\" viewbox=\"0 0 24 24\"><path fill-rule=\"evenodd\" d=\"M24 0v22.78h-2.87V4.9L2.03 24 0 21.97l19.1-19.1H1.26V0H24Z\"><\/path><\/svg><\/span><\/span><\/a><\/div>\n<\/div>\n\n\n\n<div class=\"wp-block-greenshift-blocks-row-column gspb_row__col--4 gspb_row__col--md-12 gspb_col-id-gsbp-342d4ff\" id=\"gspb_col-id-gsbp-342d4ff\">\n<div class=\"wp-block-greenshift-blocks-iconbox gspb_iconBox gspb_iconBox-id-gsbp-13f3515\" id=\"gspb_iconBox-id-gsbp-13f3515\"><div class=\"gspb_iconBox__wrapper\" style=\"display:inline-flex\"><img decoding=\"async\" src=\"https:\/\/international.cumhuriyet.edu.tr\/wp-content\/uploads\/iso-e1767741341811.png\"\/><\/div><\/div>\n\n\n\n<h3 id=\"gspb_heading-id-gsbp-e8b3ca8\" class=\"gspb_heading gspb_heading-id-gsbp-e8b3ca8\">Uluslararas\u0131 \u00d6\u011frenci Koordinat\u00f6rl\u00fc\u011f\u00fc<\/h3>\n\n\n\n<div class=\"gspb_button_wrapper gspb_button-id-gsbp-eefb845\" id=\"gspb_button-id-gsbp-eefb845\"><a class=\"wp-block-greenshift-blocks-buttonbox gspb-buttonbox wp-element-button\" href=\"https:\/\/international.cumhuriyet.edu.tr\/en\/coordination-offices\/iso\/\" rel=\"noopener\"><span class=\"gspb-buttonbox-textwrap\"><span class=\"gspb-buttonbox-text\"><span class=\"gspb-buttonbox-title\">Sayfaya Git<\/span><\/span><span class=\"gspb-buttonbox-icon\"><svg xmlns=\"http:\/\/www.w3.org\/2000\/svg\" style=\"width:5rem;height:5rem;margin:10px\" viewbox=\"0 0 24 24\"><path fill-rule=\"evenodd\" d=\"M24 0v22.78h-2.87V4.9L2.03 24 0 21.97l19.1-19.1H1.26V0H24Z\"><\/path><\/svg><\/span><\/span><\/a><\/div>\n<\/div>\n <\/div><\/div>","protected":false},"excerpt":{"rendered":"","protected":false},"author":1,"featured_media":0,"parent":0,"menu_order":0,"comment_status":"closed","ping_status":"closed","template":"","meta":{"_gspb_post_css":"#gspb_row-id-gsbp-e304581{justify-content:space-between;margin-top:0;display:flex;flex-wrap:wrap;margin-bottom:60px}#gspb_row-id-gsbp-e304581>.gspb_row__content{display:flex;margin:0 auto;width:100%;flex-wrap:wrap;row-gap:50px}.gspb_row{position:relative}div[id^=gspb_col-id]{box-sizing:border-box;position:relative;padding:var(--gs-row-column-padding, 15px min(3vw, 20px))}@media (max-width:991.98px){#gspb_row-id-gsbp-e304581>.gspb_row__content{row-gap:40px}}#gspb_row-id-gsbp-e304581>.gspb_row__content{justify-content:space-evenly}body.gspb-bodyfront #gspb_row-id-gsbp-e304581>.gspb_row__content{width:var(--theme-container-width, 1200px);max-width:var(--theme-normal-container-max-width, 1200px)}#gspb_col-id-gsbp-3630829.gspb_row__col--4{width:calc(33.333333333333336% - 25px)}@media (max-width:991.98px){#gspb_col-id-gsbp-3630829.gspb_row__col--4{width:100%}}@media (max-width:767.98px){#gspb_col-id-gsbp-3630829.gspb_row__col--4{width:calc(100% - 25px)}}@media (max-width:575.98px){#gspb_col-id-gsbp-3630829.gspb_row__col--4{width:100%}}.gspb_row #gspb_col-id-gsbp-3630829.gspb_row__col--4{padding:45px 35px}@media (max-width:575.98px){.gspb_row #gspb_col-id-gsbp-3630829.gspb_row__col--4{padding-top:35px;padding-bottom:35px}}#gspb_col-id-gsbp-3630829.gspb_row__col--4:hover{background-color:var(--wp--preset--color--palette-color-7, var(--theme-palette-color-7, #F7FAFD))!important}#gspb_col-id-gsbp-3630829.gspb_row__col--4{transition:all .2s ease;border-style:solid;border-width:2px;border-color:var(--wp--preset--color--palette-color-7, var(--theme-palette-color-7, #F7FAFD))}body #gspb_col-id-gsbp-10f4915.gspb_row__col--4,body #gspb_col-id-gsbp-342d4ff.gspb_row__col--4,body #gspb_col-id-gsbp-3630829.gspb_row__col--4,body #gspb_col-id-gsbp-7e84b95.gspb_row__col--4,body #gspb_col-id-gsbp-ca33e9f.gspb_row__col--4{display:flex;flex-direction:column;align-items:center}#gspb_col-id-gsbp-3630829.gspb_row__col--4,#gspb_col-id-gsbp-3630829.gspb_row__col--4>.gspb_backgroundOverlay{border-top-left-radius:40px;border-top-right-radius:40px;border-bottom-right-radius:40px;border-bottom-left-radius:40px}#gspb_iconBox-id-gsbp-13f3515 svg,#gspb_iconBox-id-gsbp-64c82eb svg,#gspb_iconBox-id-gsbp-7cdaadd svg,#gspb_iconBox-id-gsbp-971fc12 svg,#gspb_iconBox-id-gsbp-ee90a80 svg{width:72px}#gspb_button-id-gsbp-6e4c6e8>.gspb-buttonbox>.gspb-buttonbox-textwrap>.gspb-buttonbox-icon,#gspb_iconBox-id-gsbp-ee90a80{display:flex}#gspb_iconBox-id-gsbp-ee90a80 img{height:100px!important}@media (max-width:991.98px){#gspb_iconBox-id-gsbp-ee90a80 img{height:100px!important}}#gspb_iconBox-id-gsbp-ee90a80 img,#gspb_iconBox-id-gsbp-ee90a80 img path{fill:var(--theme-link-initial-color, #2184f9)!important}#gspb_iconBox-id-gsbp-ee90a80 img{margin:0!important}#gspb_iconBox-id-gsbp-ee90a80 .gspb_iconBox__wrapper{margin-bottom:30px}#gspb_heading-id-gsbp-955401f{font-size:22px}@media (max-width:991.98px){#gspb_heading-id-gsbp-955401f{font-size:18px}}#gspb_heading-id-gsbp-955401f,#gspb_heading-id-gsbp-955401f .gsap-g-line{text-align:center!important}#gspb_heading-id-gsbp-955401f{margin-top:0;margin-bottom:10px}#gspb_button-id-gsbp-6e4c6e8{display:flex;justify-content:center}#gspb_button-id-gsbp-6e4c6e8 .gspb-buttonbox-text{display:flex;flex-direction:column}#gspb_button-id-gsbp-6e4c6e8>.gspb-buttonbox{box-sizing:border-box}#gspb_button-id-gsbp-6e4c6e8>.gspb-buttonbox .gspb-buttonbox-icon svg{height:10px!important;width:10px!important;min-width:10px!important;fill:currentColor!important;margin:0!important}#gspb_button-id-gsbp-6e4c6e8>.gspb-buttonbox .gspb-buttonbox-icon svg path{fill:currentColor!important}#gspb_button-id-gsbp-6e4c6e8>.gspb-buttonbox>.gspb-buttonbox-textwrap{display:flex;flex-direction:row;align-items:center}#gspb_button-id-gsbp-6e4c6e8 .gspb-buttonbox-icon{margin-left:13px}#gspb_button-id-gsbp-6e4c6e8>.gspb-buttonbox{padding:0;background-color:#ffffff00;min-height:auto;text-transform:capitalize;font-size:16px;font-weight:500!important;color:var(--wp--preset--color--palette-color-2, var(--theme-palette-color-2, #24417C))}#gspb_button-id-gsbp-6e4c6e8>.gspb-buttonbox:hover{background-color:#ffffff00!important}#gspb_col-id-gsbp-ca33e9f.gspb_row__col--4{width:calc(33.333333333333336% - 25px)}@media (max-width:991.98px){#gspb_col-id-gsbp-ca33e9f.gspb_row__col--4{width:100%}}@media (max-width:767.98px){#gspb_col-id-gsbp-ca33e9f.gspb_row__col--4{width:calc(100% - 25px)}}@media (max-width:575.98px){#gspb_col-id-gsbp-ca33e9f.gspb_row__col--4{width:100%}}.gspb_row #gspb_col-id-gsbp-ca33e9f.gspb_row__col--4{padding:45px 35px}@media (max-width:575.98px){.gspb_row #gspb_col-id-gsbp-ca33e9f.gspb_row__col--4{padding-top:35px;padding-bottom:35px}}#gspb_col-id-gsbp-ca33e9f.gspb_row__col--4:hover{background-color:var(--wp--preset--color--palette-color-7, var(--theme-palette-color-7, #F7FAFD))!important}#gspb_col-id-gsbp-ca33e9f.gspb_row__col--4{transition:all .2s ease;border-style:solid;border-width:2px;border-color:var(--wp--preset--color--palette-color-7, var(--theme-palette-color-7, #F7FAFD))}#gspb_col-id-gsbp-ca33e9f.gspb_row__col--4,#gspb_col-id-gsbp-ca33e9f.gspb_row__col--4>.gspb_backgroundOverlay{border-top-left-radius:40px;border-top-right-radius:40px;border-bottom-right-radius:40px;border-bottom-left-radius:40px}#gspb_button-id-gsbp-9c9cf7d>.gspb-buttonbox>.gspb-buttonbox-textwrap>.gspb-buttonbox-icon,#gspb_iconBox-id-gsbp-971fc12{display:flex}#gspb_iconBox-id-gsbp-971fc12 img,#gspb_iconBox-id-gsbp-971fc12 img path{fill:var(--theme-link-initial-color, #2184f9)!important}#gspb_iconBox-id-gsbp-971fc12 .gspb_iconBox__wrapper{margin-bottom:30px}#gspb_heading-id-gsbp-51ff451{font-size:22px}@media (max-width:991.98px){#gspb_heading-id-gsbp-51ff451{font-size:18px}}#gspb_heading-id-gsbp-51ff451,#gspb_heading-id-gsbp-51ff451 .gsap-g-line{text-align:center!important}#gspb_heading-id-gsbp-51ff451{margin-top:0;margin-bottom:10px}#gspb_button-id-gsbp-9c9cf7d{display:flex;justify-content:center}#gspb_button-id-gsbp-9c9cf7d .gspb-buttonbox-text{display:flex;flex-direction:column}#gspb_button-id-gsbp-9c9cf7d>.gspb-buttonbox{box-sizing:border-box}#gspb_button-id-gsbp-9c9cf7d>.gspb-buttonbox>.gspb-buttonbox-textwrap{display:flex;flex-direction:row;align-items:center}#gspb_button-id-gsbp-9c9cf7d .gspb-buttonbox-icon{margin-left:13px}#gspb_button-id-gsbp-9c9cf7d>.gspb-buttonbox{padding:0;background-color:#ffffff00;min-height:auto;text-transform:capitalize;font-size:16px;font-weight:500!important;color:var(--wp--preset--color--palette-color-2, var(--theme-palette-color-2, #24417C))}#gspb_button-id-gsbp-9c9cf7d>.gspb-buttonbox:hover{background-color:#ffffff00!important}#gspb_col-id-gsbp-7e84b95.gspb_row__col--4{width:calc(33.333333333333336% - 25px)}@media (max-width:991.98px){#gspb_col-id-gsbp-7e84b95.gspb_row__col--4{width:100%}}@media (max-width:767.98px){#gspb_col-id-gsbp-7e84b95.gspb_row__col--4{width:calc(100% - 25px)}}@media (max-width:575.98px){#gspb_col-id-gsbp-7e84b95.gspb_row__col--4{width:100%}}.gspb_row #gspb_col-id-gsbp-7e84b95.gspb_row__col--4{padding:45px 35px}@media (max-width:575.98px){.gspb_row #gspb_col-id-gsbp-7e84b95.gspb_row__col--4{padding-top:35px;padding-bottom:35px}}#gspb_col-id-gsbp-7e84b95.gspb_row__col--4:hover{background-color:var(--wp--preset--color--palette-color-7, var(--theme-palette-color-7, #F7FAFD))!important}#gspb_col-id-gsbp-7e84b95.gspb_row__col--4{transition:all .2s ease;border-style:solid;border-width:2px;border-color:var(--wp--preset--color--palette-color-7, var(--theme-palette-color-7, #F7FAFD))}#gspb_col-id-gsbp-7e84b95.gspb_row__col--4,#gspb_col-id-gsbp-7e84b95.gspb_row__col--4>.gspb_backgroundOverlay{border-top-left-radius:40px;border-top-right-radius:40px;border-bottom-right-radius:40px;border-bottom-left-radius:40px}#gspb_button-id-gsbp-2846844>.gspb-buttonbox>.gspb-buttonbox-textwrap>.gspb-buttonbox-icon,#gspb_iconBox-id-gsbp-7cdaadd{display:flex}#gspb_iconBox-id-gsbp-7cdaadd img,#gspb_iconBox-id-gsbp-971fc12 img{height:100px!important;margin:0!important}#gspb_iconBox-id-gsbp-7cdaadd img,#gspb_iconBox-id-gsbp-7cdaadd img path{fill:var(--theme-link-initial-color, #2184f9)!important}#gspb_iconBox-id-gsbp-7cdaadd .gspb_iconBox__wrapper{margin-bottom:30px}#gspb_heading-id-gsbp-f69dde1{font-size:22px}@media (max-width:991.98px){#gspb_heading-id-gsbp-f69dde1{font-size:18px}}#gspb_heading-id-gsbp-f69dde1,#gspb_heading-id-gsbp-f69dde1 .gsap-g-line{text-align:center!important}#gspb_heading-id-gsbp-f69dde1{margin-top:0;margin-bottom:10px}#gspb_button-id-gsbp-2846844{display:flex;justify-content:center}#gspb_button-id-gsbp-2846844 .gspb-buttonbox-text{display:flex;flex-direction:column}#gspb_button-id-gsbp-2846844>.gspb-buttonbox{box-sizing:border-box}#gspb_button-id-gsbp-2846844>.gspb-buttonbox .gspb-buttonbox-icon svg,#gspb_button-id-gsbp-9c9cf7d>.gspb-buttonbox .gspb-buttonbox-icon svg{height:10px!important;width:10px!important;min-width:10px!important;fill:currentColor!important;margin:0!important}#gspb_button-id-gsbp-2846844>.gspb-buttonbox .gspb-buttonbox-icon svg path,#gspb_button-id-gsbp-9c9cf7d>.gspb-buttonbox .gspb-buttonbox-icon svg path{fill:currentColor!important}#gspb_button-id-gsbp-2846844>.gspb-buttonbox>.gspb-buttonbox-textwrap{display:flex;flex-direction:row;align-items:center}#gspb_button-id-gsbp-2846844 .gspb-buttonbox-icon{margin-left:13px}#gspb_button-id-gsbp-2846844>.gspb-buttonbox{padding:0;background-color:#ffffff00;min-height:auto;text-transform:capitalize;font-size:16px;font-weight:500!important;color:var(--wp--preset--color--palette-color-2, var(--theme-palette-color-2, #24417C))}#gspb_button-id-gsbp-2846844>.gspb-buttonbox:hover{background-color:#ffffff00!important}#gspb_col-id-gsbp-10f4915.gspb_row__col--4{width:calc(33.333333333333336% - 25px)}@media (max-width:991.98px){#gspb_col-id-gsbp-10f4915.gspb_row__col--4{width:100%}}@media (max-width:767.98px){#gspb_col-id-gsbp-10f4915.gspb_row__col--4{width:calc(100% - 25px)}}@media (max-width:575.98px){#gspb_col-id-gsbp-10f4915.gspb_row__col--4{width:100%}}.gspb_row #gspb_col-id-gsbp-10f4915.gspb_row__col--4{padding:45px 35px}@media (max-width:575.98px){.gspb_row #gspb_col-id-gsbp-10f4915.gspb_row__col--4{padding-top:35px;padding-bottom:35px}}#gspb_col-id-gsbp-10f4915.gspb_row__col--4:hover{background-color:var(--wp--preset--color--palette-color-7, var(--theme-palette-color-7, #F7FAFD))!important}#gspb_col-id-gsbp-10f4915.gspb_row__col--4{transition:all .2s ease;border-style:solid;border-width:2px;border-color:var(--wp--preset--color--palette-color-7, var(--theme-palette-color-7, #F7FAFD))}#gspb_col-id-gsbp-10f4915.gspb_row__col--4,#gspb_col-id-gsbp-10f4915.gspb_row__col--4>.gspb_backgroundOverlay{border-top-left-radius:40px;border-top-right-radius:40px;border-bottom-right-radius:40px;border-bottom-left-radius:40px}#gspb_button-id-gsbp-9794ac6>.gspb-buttonbox>.gspb-buttonbox-textwrap>.gspb-buttonbox-icon,#gspb_iconBox-id-gsbp-64c82eb{display:flex}#gspb_iconBox-id-gsbp-64c82eb img,#gspb_iconBox-id-gsbp-64c82eb img path{fill:var(--theme-link-initial-color, #2184f9)!important}#gspb_iconBox-id-gsbp-64c82eb .gspb_iconBox__wrapper{margin-bottom:30px}#gspb_heading-id-gsbp-99438fe{font-size:22px}@media (max-width:991.98px){#gspb_heading-id-gsbp-99438fe{font-size:18px}}#gspb_heading-id-gsbp-99438fe,#gspb_heading-id-gsbp-99438fe .gsap-g-line{text-align:center!important}#gspb_heading-id-gsbp-99438fe{margin-top:0;margin-bottom:10px}#gspb_button-id-gsbp-9794ac6{display:flex;justify-content:center}#gspb_button-id-gsbp-9794ac6 .gspb-buttonbox-text{display:flex;flex-direction:column}#gspb_button-id-gsbp-9794ac6>.gspb-buttonbox{box-sizing:border-box}#gspb_button-id-gsbp-9794ac6>.gspb-buttonbox>.gspb-buttonbox-textwrap{display:flex;flex-direction:row;align-items:center}#gspb_button-id-gsbp-9794ac6 .gspb-buttonbox-icon{margin-left:13px}#gspb_button-id-gsbp-9794ac6>.gspb-buttonbox{padding:0;background-color:#ffffff00;min-height:auto;text-transform:capitalize;font-size:16px;font-weight:500!important;color:var(--wp--preset--color--palette-color-2, var(--theme-palette-color-2, #24417C))}#gspb_button-id-gsbp-9794ac6>.gspb-buttonbox:hover{background-color:#ffffff00!important}#gspb_col-id-gsbp-342d4ff.gspb_row__col--4{width:calc(33.333333333333336% - 25px)}@media (max-width:991.98px){#gspb_col-id-gsbp-342d4ff.gspb_row__col--4{width:100%}}@media (max-width:767.98px){#gspb_col-id-gsbp-342d4ff.gspb_row__col--4{width:calc(100% - 25px)}}@media (max-width:575.98px){#gspb_col-id-gsbp-342d4ff.gspb_row__col--4{width:100%}}.gspb_row #gspb_col-id-gsbp-342d4ff.gspb_row__col--4{padding:45px 35px}@media (max-width:575.98px){.gspb_row #gspb_col-id-gsbp-342d4ff.gspb_row__col--4{padding-top:35px;padding-bottom:35px}}#gspb_col-id-gsbp-342d4ff.gspb_row__col--4:hover{background-color:var(--wp--preset--color--palette-color-7, var(--theme-palette-color-7, #F7FAFD))!important}#gspb_col-id-gsbp-342d4ff.gspb_row__col--4{transition:all .2s ease;border-style:solid;border-width:2px;border-color:var(--wp--preset--color--palette-color-7, var(--theme-palette-color-7, #F7FAFD))}#gspb_col-id-gsbp-342d4ff.gspb_row__col--4,#gspb_col-id-gsbp-342d4ff.gspb_row__col--4>.gspb_backgroundOverlay{border-top-left-radius:40px;border-top-right-radius:40px;border-bottom-right-radius:40px;border-bottom-left-radius:40px}#gspb_button-id-gsbp-eefb845>.gspb-buttonbox>.gspb-buttonbox-textwrap>.gspb-buttonbox-icon,#gspb_iconBox-id-gsbp-13f3515{display:flex}#gspb_iconBox-id-gsbp-13f3515 img,#gspb_iconBox-id-gsbp-64c82eb img{height:100px!important;margin:0!important}#gspb_iconBox-id-gsbp-13f3515 img,#gspb_iconBox-id-gsbp-13f3515 img path{fill:var(--theme-link-initial-color, #2184f9)!important}#gspb_iconBox-id-gsbp-13f3515 .gspb_iconBox__wrapper{margin-bottom:30px}#gspb_heading-id-gsbp-e8b3ca8{font-size:22px}@media (max-width:991.98px){#gspb_heading-id-gsbp-e8b3ca8{font-size:18px}}#gspb_heading-id-gsbp-e8b3ca8,#gspb_heading-id-gsbp-e8b3ca8 .gsap-g-line{text-align:center!important}#gspb_heading-id-gsbp-e8b3ca8{margin-top:0;margin-bottom:10px}#gspb_button-id-gsbp-eefb845{display:flex;justify-content:center}#gspb_button-id-gsbp-eefb845 .gspb-buttonbox-text{display:flex;flex-direction:column}#gspb_button-id-gsbp-eefb845>.gspb-buttonbox{box-sizing:border-box}#gspb_button-id-gsbp-9794ac6>.gspb-buttonbox .gspb-buttonbox-icon svg,#gspb_button-id-gsbp-eefb845>.gspb-buttonbox .gspb-buttonbox-icon svg{height:10px!important;width:10px!important;min-width:10px!important;fill:currentColor!important;margin:0!important}#gspb_button-id-gsbp-9794ac6>.gspb-buttonbox .gspb-buttonbox-icon svg path,#gspb_button-id-gsbp-eefb845>.gspb-buttonbox .gspb-buttonbox-icon svg path{fill:currentColor!important}#gspb_button-id-gsbp-eefb845>.gspb-buttonbox>.gspb-buttonbox-textwrap{display:flex;flex-direction:row;align-items:center}#gspb_button-id-gsbp-eefb845 .gspb-buttonbox-icon{margin-left:13px}#gspb_button-id-gsbp-eefb845>.gspb-buttonbox{padding:0;background-color:#ffffff00;min-height:auto;text-transform:capitalize;font-size:16px;font-weight:500!important;color:var(--wp--preset--color--palette-color-2, var(--theme-palette-color-2, #24417C))}#gspb_button-id-gsbp-eefb845>.gspb-buttonbox:hover{background-color:#ffffff00!important}","footnotes":""},"class_list":["post-6368","page","type-page","status-publish","hentry"],"blocksy_meta":[],"_links":{"self":[{"href":"https:\/\/international.cumhuriyet.edu.tr\/en\/wp-json\/wp\/v2\/pages\/6368","targetHints":{"allow":["GET"]}}],"collection":[{"href":"https:\/\/international.cumhuriyet.edu.tr\/en\/wp-json\/wp\/v2\/pages"}],"about":[{"href":"https:\/\/international.cumhuriyet.edu.tr\/en\/wp-json\/wp\/v2\/types\/page"}],"author":[{"embeddable":true,"href":"https:\/\/international.cumhuriyet.edu.tr\/en\/wp-json\/wp\/v2\/users\/1"}],"replies":[{"embeddable":true,"href":"https:\/\/international.cumhuriyet.edu.tr\/en\/wp-json\/wp\/v2\/comments?post=6368"}],"version-history":[{"count":6,"href":"https:\/\/international.cumhuriyet.edu.tr\/en\/wp-json\/wp\/v2\/pages\/6368\/revisions"}],"predecessor-version":[{"id":7698,"href":"https:\/\/international.cumhuriyet.edu.tr\/en\/wp-json\/wp\/v2\/pages\/6368\/revisions\/7698"}],"wp:attachment":[{"href":"https:\/\/international.cumhuriyet.edu.tr\/en\/wp-json\/wp\/v2\/media?parent=6368"}],"curies":[{"name":"wp","href":"https:\/\/api.w.org\/{rel}","templated":true}]}}