{"id":6383,"date":"2025-01-21T00:08:47","date_gmt":"2025-01-20T21:08:47","guid":{"rendered":"https:\/\/international.cumhuriyet.edu.tr\/?page_id=6383"},"modified":"2025-01-21T00:08:48","modified_gmt":"2025-01-20T21:08:48","slug":"iso","status":"publish","type":"page","link":"https:\/\/international.cumhuriyet.edu.tr\/en\/coordination-offices\/iso\/","title":{"rendered":"Uluslararas\u0131 \u00d6\u011frenci Koordinat\u00f6rl\u00fc\u011f\u00fc"},"content":{"rendered":"","protected":false},"excerpt":{"rendered":"","protected":false},"author":1,"featured_media":0,"parent":6368,"menu_order":0,"comment_status":"closed","ping_status":"closed","template":"","meta":{"_gspb_post_css":"","footnotes":""},"class_list":["post-6383","page","type-page","status-publish","hentry"],"blocksy_meta":[],"_links":{"self":[{"href":"https:\/\/international.cumhuriyet.edu.tr\/en\/wp-json\/wp\/v2\/pages\/6383","targetHints":{"allow":["GET"]}}],"collection":[{"href":"https:\/\/international.cumhuriyet.edu.tr\/en\/wp-json\/wp\/v2\/pages"}],"about":[{"href":"https:\/\/international.cumhuriyet.edu.tr\/en\/wp-json\/wp\/v2\/types\/page"}],"author":[{"embeddable":true,"href":"https:\/\/international.cumhuriyet.edu.tr\/en\/wp-json\/wp\/v2\/users\/1"}],"replies":[{"embeddable":true,"href":"https:\/\/international.cumhuriyet.edu.tr\/en\/wp-json\/wp\/v2\/comments?post=6383"}],"version-history":[{"count":1,"href":"https:\/\/international.cumhuriyet.edu.tr\/en\/wp-json\/wp\/v2\/pages\/6383\/revisions"}],"predecessor-version":[{"id":6384,"href":"https:\/\/international.cumhuriyet.edu.tr\/en\/wp-json\/wp\/v2\/pages\/6383\/revisions\/6384"}],"up":[{"embeddable":true,"href":"https:\/\/international.cumhuriyet.edu.tr\/en\/wp-json\/wp\/v2\/pages\/6368"}],"wp:attachment":[{"href":"https:\/\/international.cumhuriyet.edu.tr\/en\/wp-json\/wp\/v2\/media?parent=6383"}],"curies":[{"name":"wp","href":"https:\/\/api.w.org\/{rel}","templated":true}]}}