{"id":69,"date":"2021-05-18T10:02:56","date_gmt":"2021-05-18T07:02:56","guid":{"rendered":"http:\/\/localhost\/wordpress\/?page_id=459"},"modified":"2026-01-07T02:02:59","modified_gmt":"2026-01-06T23:02:59","slug":"about","status":"publish","type":"page","link":"https:\/\/international.cumhuriyet.edu.tr\/en\/about\/","title":{"rendered":"About Us"},"content":{"rendered":"<p>Avrupa Birli\u011fi Alt\u0131nc\u0131 \u00c7er\u00e7eve Program\u0131 (FP6) \u201cKurumsal \u0130rtibat Noktas\u0131\u201d i\u015flevini y\u00fcr\u00fctmek ve \u00fcniversitemiz FP6 \u00e7al\u0131\u015fmalar\u0131n\u0131 koordine etmek, Avrupa Birli\u011fi E\u011fitim Program\u0131 olan&nbsp;<strong>\u201cSocrates\u201d<\/strong>&nbsp;ve bu ana program alt\u0131nda yer alan&nbsp;<strong>\u201cerasmus, comenius, gruntwig, lingua\u201d<\/strong>&nbsp;gibi alt programlar\u0131n tan\u0131t\u0131m\u0131n\u0131 ve koordinasyonunu yapmak ve dolay\u0131s\u0131yla bu programlardan \u00dcniversitemizin en \u00fcst d\u00fczeyde yararlanmas\u0131n\u0131 sa\u011flamak ve \u00f6\u011fretim elemanlar\u0131n\u0131 bilgilendirmek \u00fczere Ba\u015fbakanl\u0131k Devlet Planlama Te\u015fkilat\u0131n\u0131n 24 Ocak 2003 tarih ve 19-243 say\u0131l\u0131 yaz\u0131lar\u0131 gere\u011fi eski ad\u0131yla&nbsp;<a href=\"https:\/\/web.archive.org\/web\/20040323030723\/http:\/\/www.cumhuriyet.edu.tr\/yazi.php?yad=193&amp;kat=32\" target=\"_blank\" rel=\"noreferrer noopener\">Cumhuriyet \u00dcniversitesi Senatosunun 11.06.2003 tarih ve 4 say\u0131l\u0131 karar\u0131<\/a>&nbsp;ile&nbsp;<strong>\u201cRekt\u00f6rl\u00fck D\u0131\u015f \u0130li\u015fkiler Birimi\u201d<\/strong>&nbsp;kurulmu\u015ftur.<\/p>\n\n\n\n<p>2003 y\u0131l\u0131nda kurulan Birim, Rekt\u00f6r Yard\u0131mc\u0131s\u0131n\u0131n koordinat\u00f6rl\u00fc\u011f\u00fcnde de\u011fi\u015fik alt komisyonlardan olu\u015fmaktaktad\u0131r. \u00d6zellikle AB E\u011fitim Program\u0131 Socrates alt\u0131nda yer alan y\u00fcksek\u00f6\u011fretim \u00f6\u011frenci-\u00f6\u011fretim eleman\u0131 de\u011fi\u015fim program\u0131 olan Erasmus ile AB 6. \u00c7er\u00e7eve Program\u0131 (FP6)\u2019dan \u00dcniversitemiz \u00f6\u011frenci ve \u00f6\u011fretim elamanlar\u0131n\u0131n daha etkin yararlanmas\u0131n\u0131 sa\u011flamada koordinat\u00f6rl\u00fck g\u00f6revi \u00fcstlenen bu birim i\u00e7erisindeki g\u00f6rev da\u011f\u0131l\u0131m\u0131&nbsp;<a href=\"https:\/\/web.archive.org\/web\/20031011234857\/http:\/\/www.cumhuriyet.edu.tr\/dis_iliskiler\/yapilanma.php\" target=\"_blank\" rel=\"noreferrer noopener\">\u201cKurumsal \u0130rtibat Noktas\u0131\u201c<\/a>&nbsp;ad\u0131 alt\u0131nda olu\u015fturulmu\u015ftur.<\/p>\n\n\n\n<p>Eski ad\u0131yla Cumhuriyet \u00dcniversitesi 30 Ekim 2003 tarihinde Socrates-Erasmus program\u0131na kat\u0131l\u0131m i\u00e7in AB Komisyonuna \u201c<strong>Erasmus \u00dcniversite Beyannamesi<\/strong>\u201d (Eramus University Charter-EUC) ba\u015fvurusunu yapt\u0131. 2004-2005, 2005-2006 ve 2006-2007 \u00f6\u011fretim y\u0131llar\u0131nda AB\u2019ye \u00fcye ve aday \u00fclkeler aras\u0131nda \u00f6\u011frenci ve akademisyen de\u011fi\u015fimini ama\u00e7layan programa kat\u0131l\u0131m i\u00e7in \u00f6n ko\u015ful AB Komisyonu taraf\u0131ndan&nbsp;<a href=\"https:\/\/web.archive.org\/web\/20031207052936\/http:\/\/www.cumhuriyet.edu.tr\/dis_iliskiler\/duyurular\/cu_euc_charter.pdf\" target=\"_blank\" rel=\"noreferrer noopener\">EUC ba\u015fvurusu<\/a>nun onaylanmas\u0131 gerekmektedir.<\/p>\n\n\n\n<p>\u00dclkemizin AB E\u011fitim ve Gen\u00e7lik Programlar\u0131na tam kat\u0131l\u0131m\u0131n\u0131n AB Komisyonu ile T\u00fcrkiye Cumhuriyeti H\u00fck\u00fcmeti aras\u0131nda\u00a0<a href=\"https:\/\/www.resmigazete.gov.tr\/eskiler\/2004\/05\/20040508.htm#1\" target=\"_blank\" rel=\"noreferrer noopener\">8 May\u0131s 2004 tarihinde Resmi Gazetede yay\u0131mlanarak y\u00fcr\u00fcrl\u00fc\u011fe giren Mutabakat Zapt\u0131<\/a>\u00a0ile ger\u00e7ekle\u015fmi\u015f oldu\u011fu duyurulmu\u015f, bunun bir sonucu olarak, Erasmus \u00dcniversite Beyannamesi alan y\u00fcksek \u00f6\u011fretim kurumlar\u0131 Komisyon taraf\u0131ndan 17 May\u0131s 2004 tarihinde a\u00e7\u0131klanm\u0131\u015ft\u0131r. \u0130lgili y\u0131lda 82 y\u00fcksek\u00f6\u011fretim kurumundan 73 tanesinin yapt\u0131\u011f\u0131 bu ba\u015fvurular\u0131n sonucunda eski ad\u0131yla Cumhuriyet \u00dcniversitesinin de aralar\u0131nda bulundu\u011fu 65 y\u00fcksek\u00f6\u011fretim kurumu ERASMUS \u00dcN\u0130VERS\u0130TE BEYANNAMES\u0130 almaya hak kazanm\u0131\u015ft\u0131r.<\/p>\n\n\n\n<p>Eski ad\u0131yla Cumhuriyet \u00dcniversitesi an\u0131lan hedefler do\u011frultusunda, eski ad\u0131yla Cumhuriyet \u00dcniversitesi\u2019nin; Farabi ve Mevlana \u00f6\u011frenci ve \u00f6\u011fretim \u00fcyesi de\u011fi\u015fim programlar\u0131 arac\u0131l\u0131\u011f\u0131yla yurt i\u00e7i ve yurt d\u0131\u015f\u0131ndaki \u00fcniversiteler ve kurumlarla i\u015fbirli\u011fini geli\u015ftirmek, ortak projeler ve e\u011fitim programlar\u0131n\u0131n koordinasyonunu sa\u011flamak, Avrupa birli\u011fi taraf\u0131ndan desteklenen t\u00fcm projeler ve E\u011fitim ve gen\u00e7lik programlan \u00e7er\u00e7evesinde y\u00fcr\u00fct\u00fclen (Erasmus+, Comenius, Leonardo da Vinci, Grundtwig, Gen\u00e7lik, vb) e\u011fitim programlar\u0131 ile ilgili i\u015flemlerin koordinasyonunu sa\u011flamak ve ulusal ve uluslararas\u0131 d\u00fczeyde akademik etkinliklerinin art\u0131r\u0131lmas\u0131, i\u00e7in y\u00fcr\u00fct\u00fclecek \u00e7al\u0131\u015fmalarla ilgili olarak Ulusal ve Uluslararas\u0131 \u0130li\u015fkiler Birimleri Koordinat\u00f6rl\u00fc\u011f\u00fc\u2019n\u00fcn g\u00f6rev ve \u00e7al\u0131\u015fma esaslar\u0131n\u0131 d\u00fczenlemek amac\u0131yla eski ad\u0131yla Cumhuriyet \u00dcniversitesi Ulusal ve Uluslararas\u0131 \u0130li\u015fkiler Birimleri Koordinat\u00f6rl\u00fc\u011f\u00fc Y\u00f6nergesi eski ad\u0131yla <a href=\"https:\/\/www.cumhuriyet.edu.tr\/karar\/SenatoKarari_2014_yili_toplantino_18.pdf\" data-type=\"link\" data-id=\"https:\/\/www.cumhuriyet.edu.tr\/karar\/SenatoKarari_2014_yili_toplantino_18.pdf\" target=\"_blank\" rel=\"noreferrer noopener\">Cumhuriyet \u00dcniversitesi Senatosu taraf\u0131ndan 23\/07\/2014 tarihinde kabul edilmi\u015ftir<\/a>. Bu \u00e7er\u00e7evede; eski ad\u0131yla Cumhuriyet \u00dcniversitesi Rekt\u00f6rl\u00fc\u011f\u00fc Ulusal ve Uluslararas\u0131 \u0130li\u015fkiler Birimleri Koordinat\u00f6rl\u00fc\u011f\u00fc\u2019ne ba\u011fl\u0131 olarak D\u0131\u015f \u0130li\u015fkiler Biriminin, Erasmus+, Bologna, Mevlana ve Farabi Kurum Koordinat\u00f6rl\u00fcklerinin \u00e7al\u0131\u015fma y\u00f6ntemleri ve organlar\u0131 belirlenmi\u015ftir.<\/p>\n\n\n\n<p><a href=\"https:\/\/kms.kaysis.gov.tr\/Home\/Goster\/143673\" data-type=\"link\" data-id=\"https:\/\/kms.kaysis.gov.tr\/Home\/Goster\/143673\" target=\"_blank\" rel=\"noreferrer noopener\">01.08.2018 tarihli Sivas Cumhuriyet \u00dcniversitesi Senatosu karar\u0131<\/a>yla Cumhuriyet \u00dcniversitesi Ulusal ve Uluslararas\u0131 \u0130li\u015fkiler Birimleri Koordinat\u00f6rl\u00fc\u011f\u00fc Y\u00f6nergesinin<br>kald\u0131r\u0131larak yerine Sivas Cumhuriyet \u00dcniversitesi Uluslararas\u0131 \u0130li\u015fkiler Ofisi Y\u00f6nergesi kabul edilerek birimin ad\u0131 Uluslararas\u0131 \u0130li\u015fkiler Ofisi olarak g\u00fcncellenmi\u015ftir. Uluslararas\u0131 \u0130li\u015fkiler Ofisi do\u011frudan Rekt\u00f6rl\u00fc\u011fe ba\u011fl\u0131 olarak, b\u00fcnyesinde Erasmus+ Kurum Koordinat\u00f6rl\u00fc\u011f\u00fc, Bologna Kurum Koordinat\u00f6rl\u00fc\u011f\u00fc, Mevlana Kurum Koordinat\u00f6rl\u00fc\u011f\u00fc ve Farabi Kurum Koordinat\u00f6rl\u00fc\u011f\u00fc olmak \u00fczere 4 koordinat\u00f6rl\u00fck bar\u0131nd\u0131rarak faaliyetlerine devam etmektedir. Ofis b\u00fcnyesinde ayr\u0131ca \u00dcniversiteler aras\u0131 mutabakat zapt\u0131 (memorandum of understanding) ve di\u011fer de\u011fi\u015fim programlar\u0131 kapsam\u0131nda hareketlilikler de koordine edilmektedir. Uluslararas\u0131 \u00d6\u011frenci Koordinat\u00f6rl\u00fc\u011f\u00fc ayr\u0131 bir birim olup Uluslararas\u0131 \u0130li\u015fkiler Ofisi b\u00fcnyesinde faaliyet g\u00f6stermemektedir.<\/p>","protected":false},"excerpt":{"rendered":"<p>Avrupa Birli\u011fi Alt\u0131nc\u0131 \u00c7er\u00e7eve Program\u0131 (FP6) \u201cKurumsal \u0130rtibat Noktas\u0131\u201d i\u015flevini y\u00fcr\u00fctmek ve \u00fcniversitemiz FP6 \u00e7al\u0131\u015fmalar\u0131n\u0131 koordine etmek, Avrupa Birli\u011fi E\u011fitim Program\u0131 olan&nbsp;\u201cSocrates\u201d&nbsp;ve bu ana program alt\u0131nda yer alan&nbsp;\u201cerasmus, comenius, gruntwig, lingua\u201d&nbsp;gibi alt programlar\u0131n tan\u0131t\u0131m\u0131n\u0131 ve koordinasyonunu yapmak ve dolay\u0131s\u0131yla bu programlardan \u00dcniversitemizin en \u00fcst d\u00fczeyde yararlanmas\u0131n\u0131 sa\u011flamak ve \u00f6\u011fretim elemanlar\u0131n\u0131 bilgilendirmek \u00fczere Ba\u015fbakanl\u0131k Devlet Planlama [&hellip;]<\/p>","protected":false},"author":1,"featured_media":0,"parent":0,"menu_order":0,"comment_status":"closed","ping_status":"closed","template":"","meta":{"_gspb_post_css":"","footnotes":""},"class_list":["post-69","page","type-page","status-publish","hentry"],"blocksy_meta":[],"_links":{"self":[{"href":"https:\/\/international.cumhuriyet.edu.tr\/en\/wp-json\/wp\/v2\/pages\/69","targetHints":{"allow":["GET"]}}],"collection":[{"href":"https:\/\/international.cumhuriyet.edu.tr\/en\/wp-json\/wp\/v2\/pages"}],"about":[{"href":"https:\/\/international.cumhuriyet.edu.tr\/en\/wp-json\/wp\/v2\/types\/page"}],"author":[{"embeddable":true,"href":"https:\/\/international.cumhuriyet.edu.tr\/en\/wp-json\/wp\/v2\/users\/1"}],"replies":[{"embeddable":true,"href":"https:\/\/international.cumhuriyet.edu.tr\/en\/wp-json\/wp\/v2\/comments?post=69"}],"version-history":[{"count":82,"href":"https:\/\/international.cumhuriyet.edu.tr\/en\/wp-json\/wp\/v2\/pages\/69\/revisions"}],"predecessor-version":[{"id":7696,"href":"https:\/\/international.cumhuriyet.edu.tr\/en\/wp-json\/wp\/v2\/pages\/69\/revisions\/7696"}],"wp:attachment":[{"href":"https:\/\/international.cumhuriyet.edu.tr\/en\/wp-json\/wp\/v2\/media?parent=69"}],"curies":[{"name":"wp","href":"https:\/\/api.w.org\/{rel}","templated":true}]}}